{"id":95,"date":"2025-03-24T20:47:23","date_gmt":"2025-03-24T20:47:23","guid":{"rendered":"https:\/\/electricbuggycompany.com\/?post_type=product&#038;p=95"},"modified":"2025-10-23T08:59:12","modified_gmt":"2025-10-23T08:59:12","slug":"turfman-700-eec","status":"publish","type":"product","link":"https:\/\/electricbuggycompany.com\/fr\/produit\/turfman-700-eec\/","title":{"rendered":"TURFMAN 700 EEC"},"content":{"rendered":"<div class=\"item_box\">\n<h4 class=\"title\">DIMENSIONS<\/h4>\n<p><strong>EXTERNAL DIMENSION<\/strong>: 3000\u00d71400\u00d72000mm<br \/>\n<strong>WHEELBASE:<\/strong> 1890mm<br \/>\n<strong>TRACK WIDTH (FRONT):<\/strong> 1000mm<br \/>\n<strong>TRACK WIDTH (REAR):<\/strong> 1025mm<br \/>\n<strong>BRAKING DISTANCE:<\/strong> \u22644m<br \/>\n<strong>MIN TURNING RADIUS:<\/strong> 3.6m<br \/>\n<strong>CURB WEIGHT:<\/strong> 445kg<br \/>\n<strong>MAX TOTAL MASS:<\/strong> 895kg<\/p>\n<\/div>\n<div class=\"item_box\">\n<h4 class=\"title\">ENGINE\/DRIVE TRAIN<\/h4>\n<p><strong>SYSTEM VOLTAGE:<\/strong> 48V<br \/>\n<strong>MOTOR POWER:<\/strong> 6.3kw<br \/>\n<strong>CHARGING TIME: <\/strong>4-5h<br \/>\n<strong>CONTROLLER:<\/strong> 400A<br \/>\n<strong>MAX SPEED:<\/strong> 40 km\/h (25 mph)<br \/>\n<strong>MAX GRADIENT (FULL LOAD):<\/strong> 30%<br \/>\n<strong>BATTERY:<\/strong> 110Ah Lithium battery<\/p>\n<\/div>\n<div class=\"item_box\">\n<h4 class=\"title\">GENERAL<\/h4>\n<p><strong>GENERAL:<\/strong> 14X7&#8243;Aluminum Wheel\/ 23X10-14 Off road Tire<br \/>\n<strong>SEATING CAPACITY:<\/strong> Two persons<br \/>\n<strong>AVAILABLE MODEL COLORS:<\/strong> Candy Apple Red, White, Black, Navy Blue,Silver, Green. PPG&gt; Flamenco Red, Black Sapphire, Mediterranean Blue, Mineral White, Portimao Blue, Arctic Gray<br \/>\n<strong>AVAILABLE SEAT COLORS:<\/strong> Black&amp;Black, Silvery&amp;Black, Apple Red&amp;Black<br \/>\n<strong>WARRANTY:<\/strong> 1-year limited vehicle warranty<br \/>\n<strong><span style=\"font-size: 17px; letter-spacing: 0.1px;\">FRAME: <\/span><\/strong><span style=\"font-size: 17px; letter-spacing: 0.1px;\">E-coat and powder coated chassis<br \/>\n<\/span><strong><span style=\"font-size: 17px; letter-spacing: 0.1px;\">BODY: <\/span><\/strong><span style=\"font-size: 17px; letter-spacing: 0.1px;\">TPO injection moulding front cowl and rear body, Automotive designed dashboard, color matched body.<br \/>\n<\/span><strong><span style=\"font-size: 17px; letter-spacing: 0.1px;\">USB: <\/span><\/strong><span style=\"font-size: 17px; letter-spacing: 0.1px;\">USB socket+12V power outlet<\/span><\/p>\n<\/div>","protected":false},"excerpt":{"rendered":"<p>Lib\u00e9rez le champ avec le Turfman 700 EEC, notre meilleur outil de travail. <strong>buggy \u00e9lectrique homologu\u00e9 pour la route<\/strong> pour un usage personnel ou commercial. Nos feux LED de pointe brillent plus intens\u00e9ment et plus intelligemment, offrant une visibilit\u00e9 jusqu'\u00e0 2 \u00e0 3 fois sup\u00e9rieure \u00e0 celle des concurrents, tout en \u00e9conomisant de l'\u00e9nergie. Ces v\u00e9hicules sont aliment\u00e9s par une batterie lithium-ion qui garantit une charge rapide, des cycles de charge prolong\u00e9s et un entretien minimal, tout en donnant la priorit\u00e9 \u00e0 la s\u00e9curit\u00e9.<\/p>\n<p>Le Turfman 700 EEC est r\u00e9put\u00e9 pour sa maniabilit\u00e9, son confort et ses performances exceptionnels, offrant une exp\u00e9rience de conduite in\u00e9gal\u00e9e. Avec les certifications CE et ISO, nous soutenons en toute confiance nos buggys \u00e9lectriques l\u00e9gaux pour la route avec une garantie de qualit\u00e9. <strong>Garantie de 3 ans<\/strong>qui mettent en \u00e9vidence leur qualit\u00e9 et leur fiabilit\u00e9 sup\u00e9rieures.<\/p>\n<p>Malgr\u00e9 leur taille compacte, nos v\u00e9hicules sont con\u00e7us pour offrir un maximum de confort et de possibilit\u00e9s de personnalisation. Des tableaux de bord \u00e9l\u00e9gants aux accessoires pratiques tels que les pare-broussailles pour une protection accrue, les caisses de chargement thermoplastiques pour le transport de charges lourdes, les batteries lithium-ion de haute qualit\u00e9 et les pneus tout-terrain sp\u00e9cialis\u00e9s pour une conduite silencieuse et stable sur les terrains accident\u00e9s, nous avons tout ce qu'il vous faut dans le Turfman 700 EEC, qui est homologu\u00e9 pour la route.<\/p>\n<p><strong>\u00c0 PARTIR DE 14 750 \u20ac + IVA<\/strong><\/p>\n<h6><span style=\"color: #1470b3;\"><strong>Financement disponible !<\/strong><\/span><\/h6>\n<p data-start=\"127\" data-end=\"458\">Nous proposons \u00e9galement une large gamme de voiturettes \u00e9lectriques commerciales pour des secteurs tels que <strong data-start=\"205\" data-end=\"220\">L'hospitalit\u00e9<\/strong>, <strong data-start=\"222\" data-end=\"236\">Soins de sant\u00e9<\/strong>et plus encore. Les mod\u00e8les comprennent <strong data-start=\"263\" data-end=\"276\">Ambulance<\/strong>, <strong data-start=\"278\" data-end=\"294\">Entretien m\u00e9nager<\/strong>, <strong data-start=\"296\" data-end=\"308\">Restauration<\/strong> (ouverts et ferm\u00e9s), et <strong data-start=\"332\" data-end=\"351\">Acc\u00e8s pour les personnes handicap\u00e9es<\/strong> v\u00e9hicules.<br data-start=\"361\" data-end=\"364\" \/>Faites-nous part de vos besoins sp\u00e9cifiques - nous personnaliserons votre buggy pour qu'il corresponde exactement \u00e0 vos besoins.<\/p>\n<p data-start=\"460\" data-end=\"523\"><strong data-start=\"460\" data-end=\"497\">Un marquage personnalis\u00e9 est \u00e9galement disponible<\/strong> sur tous les mod\u00e8les commerciaux.<\/p>","protected":false},"featured_media":24594,"template":"","meta":[],"product_brand":[],"product_cat":[23,18,63],"product_tag":[],"class_list":{"0":"post-95","1":"product","2":"type-product","3":"status-publish","4":"has-post-thumbnail","6":"product_cat-commercial","7":"product_cat-electric-buggies","8":"product_cat-road-legal","10":"first","11":"instock","12":"shipping-taxable","13":"product-type-simple"},"_links":{"self":[{"href":"https:\/\/electricbuggycompany.com\/fr\/wp-json\/wp\/v2\/product\/95","targetHints":{"allow":["GET"]}}],"collection":[{"href":"https:\/\/electricbuggycompany.com\/fr\/wp-json\/wp\/v2\/product"}],"about":[{"href":"https:\/\/electricbuggycompany.com\/fr\/wp-json\/wp\/v2\/types\/product"}],"wp:featuredmedia":[{"embeddable":true,"href":"https:\/\/electricbuggycompany.com\/fr\/wp-json\/wp\/v2\/media\/24594"}],"wp:attachment":[{"href":"https:\/\/electricbuggycompany.com\/fr\/wp-json\/wp\/v2\/media?parent=95"}],"wp:term":[{"taxonomy":"product_brand","embeddable":true,"href":"https:\/\/electricbuggycompany.com\/fr\/wp-json\/wp\/v2\/product_brand?post=95"},{"taxonomy":"product_cat","embeddable":true,"href":"https:\/\/electricbuggycompany.com\/fr\/wp-json\/wp\/v2\/product_cat?post=95"},{"taxonomy":"product_tag","embeddable":true,"href":"https:\/\/electricbuggycompany.com\/fr\/wp-json\/wp\/v2\/product_tag?post=95"}],"curies":[{"name":"wp","href":"https:\/\/api.w.org\/{rel}","templated":true}]}}