{"id":91,"date":"2025-03-24T20:47:23","date_gmt":"2025-03-24T20:47:23","guid":{"rendered":"https:\/\/electricbuggycompany.com\/?post_type=product&#038;p=91"},"modified":"2025-10-22T18:13:42","modified_gmt":"2025-10-22T18:13:42","slug":"forester-2","status":"publish","type":"product","link":"https:\/\/electricbuggycompany.com\/fr\/produit\/forester-2\/","title":{"rendered":"FORESTER 2"},"content":{"rendered":"<div class=\"item_box\">\n<h4 class=\"title\">DIMENSIONS<\/h4>\n<p><strong>EXTERNAL DIMENSION:<\/strong> 2480\u00d71400\u00d72000mm<br \/>\nWHEELBASE: 1670mm<br \/>\n<strong>TRACK WIDTH (FRONT):<\/strong> 1000mm<br \/>\n<strong>TRACK WIDTH (REAR):<\/strong> 1025mm<br \/>\n<strong>BRAKING DISTANCE:<\/strong> \u22643.5m<br \/>\n<strong>MIN TURNING RADIUS:<\/strong> 3.2m<br \/>\n<strong>CURB WEIGHT:<\/strong>430kg<br \/>\n<strong>MAX TOTAL MASS:<\/strong> 629kg<\/p>\n<\/div>\n<div class=\"item_box\">\n<h4 class=\"title\">ENGINE\/DRIVE TRAIN<\/h4>\n<p><strong>SYSTEM VOLTAGE:<\/strong> 48V<br \/>\n<strong>MOTOR POWER:<\/strong> 6.3kw<br \/>\n<strong>CHARGING TIME:<\/strong> 4-5h<br \/>\n<strong>CONTROLLER:<\/strong> 400A<br \/>\n<strong>MAX SPEED:<\/strong> 40 km\/h (25 mph)<br \/>\n<strong>MAX GRADIENT (FULL LOAD):<\/strong> 30%<br \/>\n<strong>BATTERY:<\/strong> 100Ah Lithium battery<\/p>\n<\/div>\n<div class=\"item_box\">\n<h4 class=\"title\">GENERAL<\/h4>\n<p><strong>GENERAL:<\/strong> 14X7&#8243;Aluminum Wheel\/ 23X10-14 Off road Tire<br \/>\n<strong>SEATING CAPACITY:<\/strong> Two persons<br \/>\n<strong>AVAILABLE MODEL COLORS:<\/strong> Candy Apple Red, White, Black, Navy Blue,Silver, Green. PPG&gt; Flamenco Red, Black Sapphire, Mediterranean Blue, Mineral White, Portimao Blue, Arctic Gray<br \/>\n<strong>AVAILABLE SEAT COLORS:<\/strong> Black&amp;Black, Silvery&amp;Black, Apple Red&amp;Black<br \/>\n<span style=\"font-size: 17px; letter-spacing: 0.1px;\"><strong>FRAME:<\/strong> E-coat and powder coated chassis<br \/>\n<\/span><span style=\"font-size: 17px; letter-spacing: 0.1px;\"><strong>BODY:<\/strong> TPO injection moulding front cowl and rear body, Automotive designed dashboard, color matched body.<br \/>\n<\/span><span style=\"font-size: 17px; letter-spacing: 0.1px;\"><strong>USB:<\/strong> USB socket+12V power outlet<\/span><i style=\"font-family: inherit; font-weight: inherit; letter-spacing: 0.1px;\"><img decoding=\"async\" src=\"https:\/\/ecdn6.globalso.com\/upload\/p\/1229\/source\/2024-02\/65e05ca6e70b919608.png\" alt=\"jiantou\" \/><\/i><\/p>\n<\/div>","protected":false},"excerpt":{"rendered":"<p>D\u00e9couvrez la formidable puissance du Forester 2.<\/p>\n<p>Nos buggys \u00e9lectriques personnels sont \u00e9quip\u00e9s de puissants feux LED, offrant une visibilit\u00e9 jusqu'\u00e0 2 \u00e0 3 fois sup\u00e9rieure \u00e0 celle de la concurrence. Ils sont aliment\u00e9s par une batterie lithium-ion r\u00e9put\u00e9e pour sa rapidit\u00e9 de chargement, ses cycles de charge prolong\u00e9s, sa faible maintenance et sa s\u00e9curit\u00e9 exceptionnelle.<\/p>\n<p>Malgr\u00e9 sa taille compacte, le Forester 2 b\u00e9n\u00e9ficie d'un design ext\u00e9rieur et int\u00e9rieur haut de gamme, garantissant un confort maximal.<\/p>\n<p>Am\u00e9liorez votre exp\u00e9rience de conduite gr\u00e2ce au syst\u00e8me audio ajout\u00e9, qui vous permet d'\u00e9couter votre musique pr\u00e9f\u00e9r\u00e9e lorsque vous \u00eates en d\u00e9placement.<\/p>\n<p>Pour les aventures en plein air, un panier de rangement offre suffisamment d'espace pour ranger tout votre mat\u00e9riel, du sac \u00e0 dos aux skis.<\/p>\n<p>Les pneus tout-terrain silencieux offrent une exp\u00e9rience de conduite silencieuse et souple, tout en garantissant une excellente adh\u00e9rence et une grande stabilit\u00e9 sur les terrains accident\u00e9s. Le Forester 2 est le compagnon id\u00e9al pour un usage personnel.<\/p>\n<p>Certifi\u00e9s conformes aux normes CE et ISO, nos v\u00e9hicules sont assortis d'un certificat de conformit\u00e9. <strong>Garantie de 3 ans<\/strong>qui attestent de leur qualit\u00e9 et de leur fiabilit\u00e9.<\/p>\n<p><strong>\u00c0 PARTIR DE 12.950 \u20ac + IVA<\/strong><\/p>\n<h6><span style=\"color: #1470b3;\"><strong>Financement disponible !<\/strong><\/span><\/h6>","protected":false},"featured_media":24587,"template":"","meta":[],"product_brand":[],"product_cat":[18,62],"product_tag":[],"class_list":{"0":"post-91","1":"product","2":"type-product","3":"status-publish","4":"has-post-thumbnail","6":"product_cat-electric-buggies","7":"product_cat-off-road","9":"first","10":"instock","11":"shipping-taxable","12":"product-type-simple"},"_links":{"self":[{"href":"https:\/\/electricbuggycompany.com\/fr\/wp-json\/wp\/v2\/product\/91","targetHints":{"allow":["GET"]}}],"collection":[{"href":"https:\/\/electricbuggycompany.com\/fr\/wp-json\/wp\/v2\/product"}],"about":[{"href":"https:\/\/electricbuggycompany.com\/fr\/wp-json\/wp\/v2\/types\/product"}],"wp:featuredmedia":[{"embeddable":true,"href":"https:\/\/electricbuggycompany.com\/fr\/wp-json\/wp\/v2\/media\/24587"}],"wp:attachment":[{"href":"https:\/\/electricbuggycompany.com\/fr\/wp-json\/wp\/v2\/media?parent=91"}],"wp:term":[{"taxonomy":"product_brand","embeddable":true,"href":"https:\/\/electricbuggycompany.com\/fr\/wp-json\/wp\/v2\/product_brand?post=91"},{"taxonomy":"product_cat","embeddable":true,"href":"https:\/\/electricbuggycompany.com\/fr\/wp-json\/wp\/v2\/product_cat?post=91"},{"taxonomy":"product_tag","embeddable":true,"href":"https:\/\/electricbuggycompany.com\/fr\/wp-json\/wp\/v2\/product_tag?post=91"}],"curies":[{"name":"wp","href":"https:\/\/api.w.org\/{rel}","templated":true}]}}