{"id":89,"date":"2025-03-24T20:47:23","date_gmt":"2025-03-24T20:47:23","guid":{"rendered":"https:\/\/electricbuggycompany.com\/?post_type=product&#038;p=89"},"modified":"2025-10-23T09:14:08","modified_gmt":"2025-10-23T09:14:08","slug":"d3","status":"publish","type":"product","link":"https:\/\/electricbuggycompany.com\/fr\/produit\/d3\/","title":{"rendered":"D3"},"content":{"rendered":"<div class=\"item_box\">\n<h4 class=\"title\">DIMENSIONS<\/h4>\n<p><strong>EXTERNAL DIMENSION:<\/strong> 3015\u00d71515 (rearview mirror)\u00d71945mm<br \/>\n<strong>WHEELBASE:<\/strong> 1635mm<br \/>\n<strong>TRACK WIDTH (FRONT):<\/strong> 1000mm<br \/>\n<strong>TRACK WIDTH (REAR):<\/strong> 995mm<br \/>\n<strong>BRAKING DISTANCE:<\/strong> \u22643.5m<br \/>\n<strong>MIN TURNING RADIUS:<\/strong> 3.6m<br \/>\n<strong>CURB WEIGHT:<\/strong> 530kg (front axle 200kg\/rear axle 330kg)<br \/>\n<strong>MAX TOTAL MASS:<\/strong> 850kg<\/p>\n<\/div>\n<div class=\"item_box\">\n<h4 class=\"title\">ENGINE\/DRIVE TRAIN<\/h4>\n<p><strong>SYSTEM VOLTAGE:<\/strong> 48V<br \/>\n<strong>MOTOR POWER:<\/strong> 6.3kw with EM Brake<br \/>\n<strong>CHARGING TIME:<\/strong> 5-6h<br \/>\n<strong>CONTROLLER:<\/strong> 400A<br \/>\n<strong>MAX SPEED:<\/strong> 40 km\/h (25 mph)<br \/>\n<strong>MAX GRADIENT (FULL LOAD):<\/strong> 25%<br \/>\n<strong>BATTERY:<\/strong> 110Ah Lithium battery<\/p>\n<\/div>\n<div class=\"item_box\">\n<h4 class=\"title\">GENERAL<\/h4>\n<p><strong>TIRE SIZE:<\/strong> 14\u00d77&#8221; Aluminum Wheel\/225\/50R14&#8221; Radial Tire<br \/>\n<strong>SEATING CAPACITY:<\/strong> Four persons<br \/>\n<strong>AVAILABLE MODEL COLORS:<\/strong> Flamenco Red,Black Sapphire,Portimao Blue,Mineral White,Mediterranean Blue,Arctic Gray<br \/>\n<strong>AVAILABLE SEAT COLOR:<\/strong> Black<br \/>\n<span style=\"font-size: 17px; letter-spacing: 0.1px;\"><strong>SUSPENSION SYSTEM:<\/strong> Single A-Arm (front)+Triangle Arm Suspension (rear)<br \/>\n<\/span><span style=\"font-size: 17px; letter-spacing: 0.1px;\"><strong>USB:<\/strong> USB socket+12V power outlet<\/span><i style=\"font-family: inherit; font-weight: inherit; letter-spacing: 0.1px;\"><img decoding=\"async\" src=\"https:\/\/ecdn6.globalso.com\/upload\/p\/1229\/source\/2024-02\/65e05ca6e70b919608.png\" alt=\"jiantou\" \/><\/i><\/p>\n<\/div>","protected":false},"excerpt":{"rendered":"<p>Voici le D3, un buggy \u00e9lectrique de golf \u00e0 la pointe de la technologie, con\u00e7u pour un usage personnel.<\/p>\n<p>Ce buggy \u00e9lectrique est \u00e9quip\u00e9 d'un volant multifonctionnel qui permet de contr\u00f4ler facilement les feux, l'inclinaison du pare-brise, le klaxon et d'autres syst\u00e8mes, pour un maximum de confort, de commodit\u00e9 et de s\u00e9curit\u00e9. Un \u00e9cran tactile convivial de 9 pouces assure le divertissement et la connectivit\u00e9 mobile, tandis qu'une cam\u00e9ra de recul haute d\u00e9finition optimise la visibilit\u00e9 et la s\u00e9curit\u00e9. Le passage des vitesses entre Sport, Marche arri\u00e8re, Neutre et Drive se fait en un clin d'\u0153il gr\u00e2ce \u00e0 un bouton rotatif.<\/p>\n<p>La t\u00e9l\u00e9commande permet d'acc\u00e9der facilement au coffre avant, qui offre un espace de rangement suppl\u00e9mentaire. Un r\u00e9frig\u00e9rateur int\u00e9gr\u00e9 sous la banquette arri\u00e8re ajoute \u00e0 la praticit\u00e9, maximisant l'espace de rangement sans accumuler de poussi\u00e8re. Vous pouvez personnaliser votre position assise gr\u00e2ce aux appuis-t\u00eate, aux dossiers, \u00e0 la hauteur du si\u00e8ge et aux angles d'inclinaison r\u00e9glables.<\/p>\n<p>Les phares, feux arri\u00e8re et feux de freinage \u00e0 LED \u00e9clairent votre chemin, tandis que les amplificateurs \u00e0 quatre haut-parleurs am\u00e9liorent votre exp\u00e9rience de conduite. Les batteries au lithium offrent une capacit\u00e9 \u00e9nerg\u00e9tique, une stabilit\u00e9, une efficacit\u00e9 et une rentabilit\u00e9 \u00e9lev\u00e9es. Les essuie-glaces et les buses de pulv\u00e9risation assurent une bonne visibilit\u00e9 de la route. Les freins hydrauliques sur les quatre roues fournissent un effort de freinage \u00e9gal pour une s\u00e9curit\u00e9 accrue.<\/p>\n<p>En r\u00e9sum\u00e9, le D3 \u00e9tablit de nouvelles normes en mati\u00e8re de v\u00e9hicules de loisirs, en offrant de faibles \u00e9missions, des dimensions compactes, un ext\u00e9rieur et un int\u00e9rieur haut de gamme. Il est temps d'adopter un nouveau choix remarquable en mati\u00e8re de buggys \u00e9lectriques personnels.<\/p>\n<h4>\u00c0 PARTIR DE 17 250 \u20ac + IVA<\/h4>\n<h6><span style=\"color: #0174f8;\"><strong>Financement disponible !<\/strong><\/span><\/h6>","protected":false},"featured_media":24595,"template":"","meta":[],"product_brand":[],"product_cat":[18,61],"product_tag":[],"class_list":{"0":"post-89","1":"product","2":"type-product","3":"status-publish","4":"has-post-thumbnail","6":"product_cat-electric-buggies","7":"product_cat-premium","9":"first","10":"instock","11":"sold-individually","12":"shipping-taxable","13":"product-type-simple"},"_links":{"self":[{"href":"https:\/\/electricbuggycompany.com\/fr\/wp-json\/wp\/v2\/product\/89","targetHints":{"allow":["GET"]}}],"collection":[{"href":"https:\/\/electricbuggycompany.com\/fr\/wp-json\/wp\/v2\/product"}],"about":[{"href":"https:\/\/electricbuggycompany.com\/fr\/wp-json\/wp\/v2\/types\/product"}],"wp:featuredmedia":[{"embeddable":true,"href":"https:\/\/electricbuggycompany.com\/fr\/wp-json\/wp\/v2\/media\/24595"}],"wp:attachment":[{"href":"https:\/\/electricbuggycompany.com\/fr\/wp-json\/wp\/v2\/media?parent=89"}],"wp:term":[{"taxonomy":"product_brand","embeddable":true,"href":"https:\/\/electricbuggycompany.com\/fr\/wp-json\/wp\/v2\/product_brand?post=89"},{"taxonomy":"product_cat","embeddable":true,"href":"https:\/\/electricbuggycompany.com\/fr\/wp-json\/wp\/v2\/product_cat?post=89"},{"taxonomy":"product_tag","embeddable":true,"href":"https:\/\/electricbuggycompany.com\/fr\/wp-json\/wp\/v2\/product_tag?post=89"}],"curies":[{"name":"wp","href":"https:\/\/api.w.org\/{rel}","templated":true}]}}