{"id":88,"date":"2025-03-24T20:47:23","date_gmt":"2025-03-24T20:47:23","guid":{"rendered":"https:\/\/electricbuggycompany.com\/?post_type=product&#038;p=88"},"modified":"2025-10-23T09:15:04","modified_gmt":"2025-10-23T09:15:04","slug":"carrier-4","status":"publish","type":"product","link":"https:\/\/electricbuggycompany.com\/fr\/produit\/carrier-4\/","title":{"rendered":"TRANSPORTEUR 4"},"content":{"rendered":"<div class=\"item_box\">\n<p>DIMENSION<\/p>\n<p><strong>EXTERNAL DIMENSION:<\/strong> 3180*1400*1930mm<br \/>\n<strong>WHEELBASE:<\/strong> 2450mm<br \/>\n<strong>TRACK WIDTH (FRONT):<\/strong> 880mm<br \/>\n<strong>TRACK WIDTH (REAR):<\/strong> 980mm<br \/>\n<strong>BRAKING DISTANCE:<\/strong> \u22644m<br \/>\n<strong>MIN TURNING RADIUS:<\/strong> 4.3m<br \/>\n<strong>CURB WEIGHT:<\/strong> 434kg<br \/>\n<strong>MAX TOTAL MASS:<\/strong> 784kg<\/p>\n<\/div>\n<div class=\"item_box\">\n<h4 class=\"title\">ENGINE\/DRIVE TRAIN<\/h4>\n<p><strong>SYSTEM VOLTAGE:<\/strong> 48V<br \/>\n<strong>MOTOR POWER: 6.3kw<\/strong><br \/>\n<strong>CHARGING TIME: 4-5h<\/strong><br \/>\n<strong>CONTROLLER:<\/strong> 400A<br \/>\n<strong>MAX SPEED:<\/strong> 40 km\/h (25 mph)<br \/>\n<strong>MAX GRADIENT (FULL LOAD):<\/strong> 30%<br \/>\n<strong>BATTERY:<\/strong> 100Ah Lithium battery<\/p>\n<\/div>\n<div class=\"item_box\">\n<h4 class=\"title\">GENERAL<\/h4>\n<p><strong>GENERAL:<\/strong> 14\u00d77&#8221; Aluminum Wheel\/215\/35R14&#8221; Radial Tire<br \/>\n<strong>SEATING CAPACITY:<\/strong> Four persons<br \/>\n<strong>AVAILABLE MODEL COLORS:<\/strong> Candy Apple Red, White, Black, Navy Blue,Silver, Green. PPG&gt; Flamenco Red, Black Sapphire, Mediterranean Blue, Mineral White, Portimao Blue, Arctic Gray<br \/>\n<strong>AVAILABLE SEAT COLORS:<\/strong> Black&amp;Black, Silvery&amp;Black, Apple Red&amp;Black<br \/>\n<span style=\"font-size: 17px; letter-spacing: 0.1px;\"><strong>FRAME:<\/strong> E-coat and powder coated chassis<br \/>\n<\/span><span style=\"font-size: 17px; letter-spacing: 0.1px;\"><strong>BODY:<\/strong> TPO injection moulding front cowl and rear body, Automotive designed dashboard, color matched body.<br \/>\n<\/span><span style=\"font-size: 17px; letter-spacing: 0.1px;\"><strong>USB:<\/strong> USB socket+12V powder outlet<\/span><i style=\"font-family: inherit; font-weight: inherit; letter-spacing: 0.1px;\"><img decoding=\"async\" src=\"https:\/\/ecdn6.globalso.com\/upload\/p\/1229\/source\/2024-02\/65e05ca6e70b919608.png\" alt=\"jiantou\" \/><\/i><\/p>\n<\/div>","protected":false},"excerpt":{"rendered":"<p>Am\u00e9liorez votre exp\u00e9rience de conduite avec le Carrier 4, notre buggy \u00e9lectrique de golf haut de gamme. Nos lumi\u00e8res LED de pointe fournissent un \u00e9clairage puissant, pr\u00e9servant la dur\u00e9e de vie de la batterie et offrant un champ de vision 2 \u00e0 3 fois plus large pour des promenades nocturnes en toute s\u00e9curit\u00e9.<\/p>\n<p>Nos batteries lithium-ion \u00e0 haute vitesse offrent une charge rapide, des cycles de charge prolong\u00e9s et une maintenance r\u00e9duite, garantissant des trajets sans souci. Le Carrier 4 excelle en termes de maniabilit\u00e9, de confort et de performances, offrant une exp\u00e9rience de conduite in\u00e9gal\u00e9e.<\/p>\n<p>Certifi\u00e9s CE et ISO, nos buggys \u00e9lectriques de golf sont accompagn\u00e9s d'une garantie de qualit\u00e9. <strong>Garantie de 3 ans<\/strong>prouvant ainsi leur qualit\u00e9 et leur fiabilit\u00e9. Compacts et \u00e9l\u00e9gants, nos v\u00e9hicules privil\u00e9gient des ext\u00e9rieurs et des int\u00e9rieurs haut de gamme pour un maximum de confort et d'esth\u00e9tique.<\/p>\n<p>Personnalisez votre v\u00e9hicule avec un tableau de bord fonctionnel, refl\u00e9tant votre personnalit\u00e9 tout en am\u00e9liorant le confort et la fonctionnalit\u00e9. Am\u00e9liorez le rangement de votre buggy de golf avec notre panier de rangement d'accessoires de luxe, qui peut contenir jusqu'\u00e0 20 livres sans per\u00e7age ni modification. Nous sommes passionn\u00e9s par l'am\u00e9lioration de votre exp\u00e9rience de conduite nocturne avec des am\u00e9liorations de lumi\u00e8re LED sur mesure, assurant la visibilit\u00e9 sur la route de jour comme de nuit. Nos jantes en alliage de 14? avec des inserts de couleur assortie et une bande de roulement plate minimisent les dommages caus\u00e9s \u00e0 l'herbe et am\u00e9liorent la traction, ce qui en fait le choix id\u00e9al pour les terrains de golf et bien plus encore.<\/p>\n<h4 class=\"title\">\u00c0 PARTIR DE 13 250 \u20ac + IVA<\/h4>\n<h6><span style=\"color: #0174f8;\"><strong>Financement disponible !<\/strong><\/span><\/h6>","protected":false},"featured_media":24598,"template":"","meta":[],"product_brand":[],"product_cat":[18,19,22],"product_tag":[],"class_list":{"0":"post-88","1":"product","2":"type-product","3":"status-publish","4":"has-post-thumbnail","6":"product_cat-electric-buggies","7":"product_cat-golf","8":"product_cat-personal","10":"first","11":"instock","12":"shipping-taxable","13":"product-type-simple"},"_links":{"self":[{"href":"https:\/\/electricbuggycompany.com\/fr\/wp-json\/wp\/v2\/product\/88","targetHints":{"allow":["GET"]}}],"collection":[{"href":"https:\/\/electricbuggycompany.com\/fr\/wp-json\/wp\/v2\/product"}],"about":[{"href":"https:\/\/electricbuggycompany.com\/fr\/wp-json\/wp\/v2\/types\/product"}],"wp:featuredmedia":[{"embeddable":true,"href":"https:\/\/electricbuggycompany.com\/fr\/wp-json\/wp\/v2\/media\/24598"}],"wp:attachment":[{"href":"https:\/\/electricbuggycompany.com\/fr\/wp-json\/wp\/v2\/media?parent=88"}],"wp:term":[{"taxonomy":"product_brand","embeddable":true,"href":"https:\/\/electricbuggycompany.com\/fr\/wp-json\/wp\/v2\/product_brand?post=88"},{"taxonomy":"product_cat","embeddable":true,"href":"https:\/\/electricbuggycompany.com\/fr\/wp-json\/wp\/v2\/product_cat?post=88"},{"taxonomy":"product_tag","embeddable":true,"href":"https:\/\/electricbuggycompany.com\/fr\/wp-json\/wp\/v2\/product_tag?post=88"}],"curies":[{"name":"wp","href":"https:\/\/api.w.org\/{rel}","templated":true}]}}