{"id":24526,"date":"2025-08-30T16:43:40","date_gmt":"2025-08-30T16:43:40","guid":{"rendered":"https:\/\/electricbuggycompany.com\/?post_type=product&#038;p=24526"},"modified":"2025-12-11T11:47:37","modified_gmt":"2025-12-11T11:47:37","slug":"classic-4-eec","status":"publish","type":"product","link":"https:\/\/electricbuggycompany.com\/fr\/produit\/classic-4-eec\/","title":{"rendered":"CLASSIC 4 EEC"},"content":{"rendered":"<h4>DIMENSIONS<\/h4>\n<p><strong>EXTERNAL DIMENSION:<\/strong> 2380\u00d71400\u00d71830mm<br \/>\n<strong>WHEELBASE:<\/strong> 1650mm<br \/>\n<strong>TRACK WIDTH (FRONT):<\/strong> 880mm<br \/>\n<strong>TRACK WIDTH (REAR)<\/strong>: 980mm<br \/>\n<strong>BRAKING DISTANCE:<\/strong> \u22643.5m<br \/>\n<strong>MIN TURNING RADIUS:<\/strong> 3.1m<br \/>\n<strong>CURB WEIGHT:<\/strong> 360kg<br \/>\n<strong>MAX TOTAL MASS:<\/strong> 560kg<\/p>\n<h4>ENGINE\/DRIVE TRAIN<\/h4>\n<p><strong>SYSTEM VOLTAGE:<\/strong> 48V<br \/>\n<strong>MOTOR POWER:<\/strong> 4kw<br \/>\n<strong>CHARGING TIME:<\/strong> 4-5h<br \/>\n<strong>CONTROLLER:<\/strong> 400A<br \/>\n<strong>MAX SPEED:<\/strong> 40 km\/h (25 mph)<br \/>\n<strong>MAX GRADIENT (FULL LOAD):<\/strong> 30%<br \/>\n<strong>BATTERY:<\/strong> 100Ah Lithium battery<\/p>\n<h4>GENERAL<\/h4>\n<p><strong>TIRE SIZE:<\/strong> 10&#8221; Aluminum Wheel\/205\/50-10 Tire<br \/>\n<strong>SEATING CAPACITY:<\/strong> Four people<br \/>\n<strong>AVAILABLE MODEL COLORS:<\/strong> Candy Apple Red, White, Black, Navy Blue, Silver, Green. PPG&gt; Flamenco Red, Black Sapphire, Mediterranean Blue, Mineral White, Portimao Blue, Arctic Gray<br \/>\n<strong>AVAILABLE SEAT COLORS:<\/strong> Black&amp;Black, Silvery&amp;Black, Apple Red&amp;Black<br \/>\n<strong style=\"font-size: 17px; letter-spacing: 0.1px;\">FRAME:<\/strong> <span style=\"font-size: 17px; letter-spacing: 0.1px;\">E-coat and powder coated chassis<br \/>\n<\/span><strong style=\"font-size: 17px; letter-spacing: 0.1px;\">BODY:<\/strong> <span style=\"font-size: 17px; letter-spacing: 0.1px;\">TPO injection moulding front cowl and rear body, Automotive designed dashboard, color matched body.<br \/>\n<\/span><strong style=\"font-size: 17px; letter-spacing: 0.1px;\">USB:<\/strong> <span style=\"font-size: 17px; letter-spacing: 0.1px;\">USB socket+12V power outlet<\/span><\/p>","protected":false},"excerpt":{"rendered":"<p>D\u00e9couvrez les <strong>Road-Legal Classic 4 EEC<\/strong>Le Classic 4 EEC est le summum des buggys de golf \u00e9lectriques con\u00e7us pour offrir une exp\u00e9rience de conduite in\u00e9gal\u00e9e. Avec le Classic 4 EEC, vous pouvez profiter de la route tout en respectant les normes l\u00e9gales.<\/p>\n<p>Ces voiturettes de golf sont \u00e9quip\u00e9es de feux LED avanc\u00e9s, qui offrent non seulement une luminosit\u00e9 exceptionnelle, mais pr\u00e9servent \u00e9galement l'\u00e9nergie de la batterie. Le champ de vision est ainsi 2 \u00e0 3 fois plus large que celui des concurrents, ce qui garantit des trajets nocturnes sans souci.<\/p>\n<p>Notre engagement en faveur de la qualit\u00e9 est attest\u00e9 par les certifications CE et ISO, et nous garantissons nos produits par un certificat de qualit\u00e9. <strong>Garantie de 3 ans<\/strong>d\u00e9montrant ainsi notre confiance in\u00e9branlable dans leur fiabilit\u00e9.<\/p>\n<p>Le Classic 4 EEC est l'incarnation du confort et du style, avec un design ext\u00e9rieur et int\u00e9rieur exceptionnel. Vous avez la libert\u00e9 de personnaliser votre v\u00e9hicule avec un tableau de bord sur mesure, am\u00e9liorant l'esth\u00e9tique, le confort et la fonctionnalit\u00e9 pour r\u00e9pondre \u00e0 vos pr\u00e9f\u00e9rences uniques.<\/p>\n<p>La technologie avanc\u00e9e de la batterie lithium-ion garantit une charge plus rapide, une dur\u00e9e de vie prolong\u00e9e et un entretien minimal, ce qui met l'accent sur la s\u00e9curit\u00e9 et l'efficacit\u00e9 tout au long de votre voyage sur la route avec le <strong>Classique 4 CEE.<\/strong><\/p>\n<p><strong>FROM \u20ac15,550 + IVA<\/strong><\/p>\n<h6><span style=\"color: #0174f8;\"><strong>Financement disponible !<\/strong><\/span><\/h6>","protected":false},"featured_media":24577,"template":"","meta":[],"product_brand":[],"product_cat":[18,63],"product_tag":[],"class_list":{"0":"post-24526","1":"product","2":"type-product","3":"status-publish","4":"has-post-thumbnail","6":"product_cat-electric-buggies","7":"product_cat-road-legal","9":"first","10":"instock","11":"shipping-taxable","12":"purchasable","13":"product-type-simple"},"_links":{"self":[{"href":"https:\/\/electricbuggycompany.com\/fr\/wp-json\/wp\/v2\/product\/24526","targetHints":{"allow":["GET"]}}],"collection":[{"href":"https:\/\/electricbuggycompany.com\/fr\/wp-json\/wp\/v2\/product"}],"about":[{"href":"https:\/\/electricbuggycompany.com\/fr\/wp-json\/wp\/v2\/types\/product"}],"wp:featuredmedia":[{"embeddable":true,"href":"https:\/\/electricbuggycompany.com\/fr\/wp-json\/wp\/v2\/media\/24577"}],"wp:attachment":[{"href":"https:\/\/electricbuggycompany.com\/fr\/wp-json\/wp\/v2\/media?parent=24526"}],"wp:term":[{"taxonomy":"product_brand","embeddable":true,"href":"https:\/\/electricbuggycompany.com\/fr\/wp-json\/wp\/v2\/product_brand?post=24526"},{"taxonomy":"product_cat","embeddable":true,"href":"https:\/\/electricbuggycompany.com\/fr\/wp-json\/wp\/v2\/product_cat?post=24526"},{"taxonomy":"product_tag","embeddable":true,"href":"https:\/\/electricbuggycompany.com\/fr\/wp-json\/wp\/v2\/product_tag?post=24526"}],"curies":[{"name":"wp","href":"https:\/\/api.w.org\/{rel}","templated":true}]}}