{"id":114,"date":"2025-03-24T20:47:24","date_gmt":"2025-03-24T20:47:24","guid":{"rendered":"https:\/\/electricbuggycompany.com\/?post_type=product&#038;p=114"},"modified":"2025-10-23T09:14:04","modified_gmt":"2025-10-23T09:14:04","slug":"carrier-8","status":"publish","type":"product","link":"https:\/\/electricbuggycompany.com\/fr\/produit\/carrier-8\/","title":{"rendered":"TRANSPORTEUR 8"},"content":{"rendered":"<div class=\"item_box\">\n<h4 class=\"title\">DIMENSIONS<\/h4>\n<p><strong>EXTERNAL DIMENSION:<\/strong> 4460\u00d71400\u00d71930mm<br \/>\n<strong>WHEELBASE:<\/strong> 3250mm<br \/>\n<strong>TRACK WIDTH (FRONT):<\/strong> 880mm<br \/>\n<strong>TRACK WIDTH (REAR):<\/strong> 980mm<br \/>\n<strong>BRAKING DISTANCE:<\/strong> \u22644m<br \/>\n<strong>MIN TURNING RADIUS:<\/strong> 4.8m<br \/>\n<strong>CURB WEIGHT:<\/strong> 544kg<br \/>\n<span style=\"font-size: 17px; letter-spacing: 0.1px;\"><strong>MAX TOTAL MASS:<\/strong> 1194kg<\/span><\/p>\n<\/div>\n<div class=\"item_box\">\n<h4 class=\"title\">ENGINE\/DRIVE TRAIN<\/h4>\n<p><strong>SYSTEM VOLTAGE:<\/strong> 48V<br \/>\n<strong>MOTOR POWER:<\/strong> 6.3kw with EM Brake<br \/>\n<strong>CHARGING TIME:<\/strong> 4-5h<br \/>\n<strong>CONTROLLER:<\/strong> 400A<br \/>\n<strong>MAX SPEED:<\/strong> 40 km\/h (25 mph)<br \/>\n<strong>MAX GRADIENT (FULL LOAD):<\/strong> 30%<br \/>\n<strong>BATTERY:<\/strong> 110Ah Lithium battery<\/p>\n<\/div>\n<div class=\"item_box\">\n<h4 class=\"title\">GENERAL<\/h4>\n<p><strong>GENERAL:<\/strong> 14\u00d77&#8221; Aluminum Wheel\/215\/35R14&#8221; Radial Tire<br \/>\n<strong>SEATING CAPACITY:<\/strong> Eight persons<br \/>\n<strong>AVAILABLE MODEL COLORS:<\/strong> Candy Apple Red, White, Black, Navy Blue,Silver, Green. PPG&gt; Flamenco Red, Black Sapphire, Mediterranean Blue, Mineral White, Portimao Blue, Arctic Gray<br \/>\n<strong>AVAILABLE SEAT COLORS:<\/strong> Black&amp;Black, Silvery&amp;Black, Apple Red&amp;Black<br \/>\n<span style=\"font-size: 17px; letter-spacing: 0.1px;\"><strong>FRAME:<\/strong> Hot-galvanized chassis<br \/>\n<\/span><span style=\"font-size: 17px; letter-spacing: 0.1px;\"><strong>BODY:<\/strong> TPO injection moulding front cowl and rear body, Automotive designed dashboard, color matched body.<br \/>\n<\/span><span style=\"font-size: 17px; letter-spacing: 0.1px;\"><strong>USB:<\/strong> USB socket+12V power outlet<\/span><\/p>\n<\/div>","protected":false},"excerpt":{"rendered":"<p>D\u00e9couvrez le Carrier 8, votre buggy \u00e9lectrique commercial ultime con\u00e7u pour exceller dans vos op\u00e9rations commerciales. Aliment\u00e9s par une batterie lithium-ion \u00e0 charge rapide, ces v\u00e9hicules offrent des cycles de charge prolong\u00e9s, une maintenance minimale et des caract\u00e9ristiques de s\u00e9curit\u00e9 de premier ordre adapt\u00e9es \u00e0 vos besoins commerciaux.<\/p>\n<p>Le Carrier 8 est une r\u00e9f\u00e9rence en mati\u00e8re de man\u0153uvrabilit\u00e9, de confort et de performance, ce qui en fait le choix id\u00e9al pour vos activit\u00e9s professionnelles. Certifi\u00e9s CE et ISO, nos chariots \u00e9lectriques b\u00e9n\u00e9ficient d'une garantie de qualit\u00e9. <strong>Garantie de 3 ans<\/strong>d\u00e9montrant ainsi notre confiance in\u00e9branlable dans leur qualit\u00e9 et leur fiabilit\u00e9.<\/p>\n<p>Malgr\u00e9 leur taille compacte, nos v\u00e9hicules privil\u00e9gient un maximum de confort et de fonctionnalit\u00e9, ce qui les rend parfaitement adapt\u00e9s \u00e0 votre flotte commerciale. Nos batteries lithium-ion de haute qualit\u00e9 garantissent des performances sup\u00e9rieures, tandis que la conception de l'essieu arri\u00e8re simplifie l'entretien et ajoute de la robustesse \u00e0 vos op\u00e9rations commerciales. Am\u00e9liorez votre activit\u00e9 avec Carrier 8, votre partenaire fiable et efficace sur la voie du succ\u00e8s.<\/p>\n<p><strong>\u00c0 PARTIR DE 16 950 \u20ac + IVA<\/strong><\/p>\n<h6><span style=\"color: #1470b3;\"><strong>Financement disponible !<\/strong><\/span><\/h6>\n<p data-start=\"127\" data-end=\"458\">Nous proposons \u00e9galement une large gamme de voiturettes \u00e9lectriques commerciales pour des secteurs tels que <strong data-start=\"205\" data-end=\"220\">L'hospitalit\u00e9<\/strong>, <strong data-start=\"222\" data-end=\"236\">Soins de sant\u00e9<\/strong>et plus encore. Les mod\u00e8les comprennent <strong data-start=\"263\" data-end=\"276\">Ambulance<\/strong>, <strong data-start=\"278\" data-end=\"294\">Entretien m\u00e9nager<\/strong>, <strong data-start=\"296\" data-end=\"308\">Restauration<\/strong> (ouverts et ferm\u00e9s), et <strong data-start=\"332\" data-end=\"351\">Acc\u00e8s pour les personnes handicap\u00e9es<\/strong> v\u00e9hicules.<br data-start=\"361\" data-end=\"364\" \/>Faites-nous part de vos besoins sp\u00e9cifiques - nous personnaliserons votre buggy pour qu'il corresponde exactement \u00e0 vos besoins.<\/p>\n<p data-start=\"460\" data-end=\"523\"><strong data-start=\"460\" data-end=\"497\">Un marquage personnalis\u00e9 est \u00e9galement disponible<\/strong> sur tous les mod\u00e8les commerciaux.<\/p>","protected":false},"featured_media":24600,"template":"","meta":[],"product_brand":[],"product_cat":[23,18],"product_tag":[],"class_list":{"0":"post-114","1":"product","2":"type-product","3":"status-publish","4":"has-post-thumbnail","6":"product_cat-commercial","7":"product_cat-electric-buggies","9":"first","10":"instock","11":"shipping-taxable","12":"product-type-simple"},"_links":{"self":[{"href":"https:\/\/electricbuggycompany.com\/fr\/wp-json\/wp\/v2\/product\/114","targetHints":{"allow":["GET"]}}],"collection":[{"href":"https:\/\/electricbuggycompany.com\/fr\/wp-json\/wp\/v2\/product"}],"about":[{"href":"https:\/\/electricbuggycompany.com\/fr\/wp-json\/wp\/v2\/types\/product"}],"wp:featuredmedia":[{"embeddable":true,"href":"https:\/\/electricbuggycompany.com\/fr\/wp-json\/wp\/v2\/media\/24600"}],"wp:attachment":[{"href":"https:\/\/electricbuggycompany.com\/fr\/wp-json\/wp\/v2\/media?parent=114"}],"wp:term":[{"taxonomy":"product_brand","embeddable":true,"href":"https:\/\/electricbuggycompany.com\/fr\/wp-json\/wp\/v2\/product_brand?post=114"},{"taxonomy":"product_cat","embeddable":true,"href":"https:\/\/electricbuggycompany.com\/fr\/wp-json\/wp\/v2\/product_cat?post=114"},{"taxonomy":"product_tag","embeddable":true,"href":"https:\/\/electricbuggycompany.com\/fr\/wp-json\/wp\/v2\/product_tag?post=114"}],"curies":[{"name":"wp","href":"https:\/\/api.w.org\/{rel}","templated":true}]}}