{"id":113,"date":"2025-03-24T20:47:24","date_gmt":"2025-03-24T20:47:24","guid":{"rendered":"https:\/\/electricbuggycompany.com\/?post_type=product&#038;p=113"},"modified":"2025-10-23T08:59:16","modified_gmt":"2025-10-23T08:59:16","slug":"turfman-1000","status":"publish","type":"product","link":"https:\/\/electricbuggycompany.com\/fr\/produit\/turfman-1000\/","title":{"rendered":"TURFMAN 1000"},"content":{"rendered":"<div class=\"item_box\">\n<h4 class=\"title\">DIMENSIONS<\/h4>\n<p><strong>EXTERNAL DIMENSION:<\/strong> 3330\u00d71400\u00d71830mm<br \/>\n<strong>WHEELBASE:<\/strong> 2450mm<br \/>\n<strong>TRACK WIDTH (FRONT):<\/strong> 880mm<br \/>\n<strong>TRACK WIDTH (REAR):<\/strong> 980mm<br \/>\n<strong>BRAKING DISTANCE:<\/strong> \u22644m<br \/>\n<strong>MIN TURNING RADIUS:<\/strong> 4.3m<br \/>\n<strong>CURB WEIGHT:<\/strong> 440kg<br \/>\n<strong>MAX TOTAL MASS:<\/strong> 940kg<\/p>\n<\/div>\n<div class=\"item_box\">\n<h4 class=\"title\">ENGINE\/DRIVE TRAI<\/h4>\n<p><strong>SYSTEM VOLTAGE:<\/strong> 48V<br \/>\n<strong>MOTOR POWER:<\/strong> 6.3kw with EM Brake<br \/>\n<strong>CHARGING TIME:<\/strong> 4-5h<br \/>\n<strong>CONTROLLER:<\/strong> 400A<br \/>\n<strong>MAX SPEED:<\/strong> 40 km\/h (25 mph)<br \/>\n<strong>MAX GRADIENT (FULL LOAD):<\/strong> 30%<br \/>\n<strong>BATTERY:<\/strong> 110Ah Lithium battery<\/p>\n<\/div>\n<div class=\"item_box\">\n<h4 class=\"title\">GENERAL<\/h4>\n<p><strong>GENERAL:<\/strong> 10&#8243; Steel Wheel\/ 205\/65R10 Tire<br \/>\n<strong>SEATING CAPACITY:<\/strong> Two persons<br \/>\n<strong>AVAILABLE MODEL COLORS:<\/strong> Candy Apple Red, White, Black, Navy Blue,Silver, Green. PPG&gt; Flamenco Red, Black Sapphire, Mediterranean Blue, Mineral White, Portimao Blue, Arctic Gray<br \/>\n<strong>AVAILABLE SEAT COLORS:<\/strong> Black&amp;Black, Silvery&amp;Black, Apple Red&amp;Black<br \/>\n<span style=\"font-size: 17px; letter-spacing: 0.1px;\"><strong>FRAME:<\/strong> E-coat and powder coated chassis<br \/>\n<\/span><span style=\"font-size: 17px; letter-spacing: 0.1px;\"><strong>BODY:<\/strong> TPO injection moulding front cowl and rear body, Automotive designed dashboard, color matched body.<br \/>\n<\/span><span style=\"font-size: 17px; letter-spacing: 0.1px;\"><strong>USB:<\/strong> USB socket+12V power outlet<\/span><i style=\"font-family: inherit; font-weight: inherit; letter-spacing: 0.1px;\"><img decoding=\"async\" src=\"https:\/\/ecdn6.globalso.com\/upload\/p\/1229\/source\/2024-02\/65e05ca6e70b919608.png\" alt=\"jiantou\" \/><\/i><\/p>\n<\/div>","protected":false},"excerpt":{"rendered":"<p>Voici le TURFMAN 1000, un buggy \u00e9lectrique polyvalent con\u00e7u pour un usage personnel et commercial.<\/p>\n<p>Notre bo\u00eete de chargement thermoplastique durable est parfaite pour les charges lourdes, que vous transportiez de l'\u00e9quipement de golf, du mat\u00e9riel de chasse, des fournitures agricoles ou des articles de plage. Am\u00e9liorez votre conduite nocturne avec des feux arri\u00e8re LED haute performance adapt\u00e9s \u00e0 vos besoins et \u00e0 votre budget.<\/p>\n<p>Les pneus sp\u00e9cialis\u00e9s sont dot\u00e9s d'une bande de roulement plate qui minimise les dommages caus\u00e9s \u00e0 l'herbe tout en assurant la dispersion de l'eau, la traction, les virages et le freinage, ce qui en fait un choix id\u00e9al pour les terrains de golf et diverses applications commerciales.<\/p>\n<p>Aliment\u00e9s par une batterie lithium-ion, nos v\u00e9hicules offrent une charge rapide, des cycles de charge prolong\u00e9s et une maintenance r\u00e9duite, tout en pr\u00e9servant l'environnement et la s\u00e9curit\u00e9.<\/p>\n<p>Le TURFMAN 1000 excelle en termes de maniabilit\u00e9, de confort et de performances, garantissant une exp\u00e9rience de conduite exceptionnelle pour les utilisateurs personnels et commerciaux.<\/p>\n<p>Certifi\u00e9s conformes aux normes CE et ISO, nos v\u00e9hicules b\u00e9n\u00e9ficient d'une garantie d'origine. <strong>Garantie de 3 ans<\/strong>Ce qui t\u00e9moigne de notre confiance dans leur qualit\u00e9 et leur fiabilit\u00e9.<\/p>\n<p><strong>\u00c0 PARTIR DE 14 950 \u20ac + IVA<\/strong><\/p>\n<h6><span style=\"color: #1470b3;\"><strong>Financement disponible !<\/strong><\/span><\/h6>\n<p data-start=\"127\" data-end=\"458\">Nous proposons \u00e9galement une large gamme de voiturettes \u00e9lectriques commerciales pour des secteurs tels que <strong data-start=\"205\" data-end=\"220\">L'hospitalit\u00e9<\/strong>, <strong data-start=\"222\" data-end=\"236\">Soins de sant\u00e9<\/strong>et plus encore. Les mod\u00e8les comprennent <strong data-start=\"263\" data-end=\"276\">Ambulance<\/strong>, <strong data-start=\"278\" data-end=\"294\">Entretien m\u00e9nager<\/strong>, <strong data-start=\"296\" data-end=\"308\">Restauration<\/strong> (ouverts et ferm\u00e9s), et <strong data-start=\"332\" data-end=\"351\">Acc\u00e8s pour les personnes handicap\u00e9es<\/strong> v\u00e9hicules.<br data-start=\"361\" data-end=\"364\" \/>Faites-nous part de vos besoins sp\u00e9cifiques - nous personnaliserons votre buggy pour qu'il corresponde exactement \u00e0 vos besoins.<\/p>\n<p data-start=\"460\" data-end=\"523\"><strong data-start=\"460\" data-end=\"497\">Un marquage personnalis\u00e9 est \u00e9galement disponible<\/strong> sur tous les mod\u00e8les commerciaux.<\/p>","protected":false},"featured_media":24592,"template":"","meta":[],"product_brand":[],"product_cat":[23,18],"product_tag":[],"class_list":{"0":"post-113","1":"product","2":"type-product","3":"status-publish","4":"has-post-thumbnail","6":"product_cat-commercial","7":"product_cat-electric-buggies","9":"first","10":"instock","11":"shipping-taxable","12":"product-type-simple"},"_links":{"self":[{"href":"https:\/\/electricbuggycompany.com\/fr\/wp-json\/wp\/v2\/product\/113","targetHints":{"allow":["GET"]}}],"collection":[{"href":"https:\/\/electricbuggycompany.com\/fr\/wp-json\/wp\/v2\/product"}],"about":[{"href":"https:\/\/electricbuggycompany.com\/fr\/wp-json\/wp\/v2\/types\/product"}],"wp:featuredmedia":[{"embeddable":true,"href":"https:\/\/electricbuggycompany.com\/fr\/wp-json\/wp\/v2\/media\/24592"}],"wp:attachment":[{"href":"https:\/\/electricbuggycompany.com\/fr\/wp-json\/wp\/v2\/media?parent=113"}],"wp:term":[{"taxonomy":"product_brand","embeddable":true,"href":"https:\/\/electricbuggycompany.com\/fr\/wp-json\/wp\/v2\/product_brand?post=113"},{"taxonomy":"product_cat","embeddable":true,"href":"https:\/\/electricbuggycompany.com\/fr\/wp-json\/wp\/v2\/product_cat?post=113"},{"taxonomy":"product_tag","embeddable":true,"href":"https:\/\/electricbuggycompany.com\/fr\/wp-json\/wp\/v2\/product_tag?post=113"}],"curies":[{"name":"wp","href":"https:\/\/api.w.org\/{rel}","templated":true}]}}