{"id":106,"date":"2025-03-24T20:47:24","date_gmt":"2025-03-24T20:47:24","guid":{"rendered":"https:\/\/electricbuggycompany.com\/?post_type=product&#038;p=106"},"modified":"2025-03-24T20:48:34","modified_gmt":"2025-03-24T20:48:34","slug":"100ah-li-ion","status":"publish","type":"product","link":"https:\/\/electricbuggycompany.com\/fr\/produit\/100ah-li-ion\/","title":{"rendered":"100AH LI-ION"},"content":{"rendered":"<p style=\"font-weight: 400;\">B\u00e9n\u00e9ficiez de performances optimales gr\u00e2ce \u00e0 notre batterie au lithium, qui offre un rendement \u00e9nerg\u00e9tique exceptionnel et n\u00e9cessite peu d'entretien. Fournissant une puissance constante \u00e0 votre moteur, elle affiche un rendement allant jusqu'\u00e0 96% tout en acceptant une charge partielle et rapide, r\u00e9duisant ainsi efficacement votre facture d'\u00e9lectricit\u00e9.<\/p>\n<p style=\"font-weight: 400;\">Avec notre chargeur rapide adaptatif 25A, profitez d'une recharge rapide et intelligente de votre batterie, pr\u00e9servant ainsi sa long\u00e9vit\u00e9. Restez connect\u00e9 et surveillez votre batterie Lithium Bluetooth LFP(LiFePO4) \u00e0 l'aide de l'application BBMAS, en suivant le SOC%, la tension, le nombre de cycles, et plus encore avec une port\u00e9e de connectivit\u00e9 de 10 m\u00e8tres.<\/p>\n<p style=\"font-weight: 400;\">Notre batterie l\u00e9g\u00e8re et sans entretien \u00e0 bo\u00eetier en aluminium donne la priorit\u00e9 \u00e0 la s\u00e9curit\u00e9 et \u00e0 la durabilit\u00e9. Le chargement rapide en seulement une heure (charge 80%) ou en 4 \u00e0 5 heures (charge compl\u00e8te) vous permet d'\u00eatre pr\u00eat \u00e0 rouler.<\/p>","protected":false},"excerpt":{"rendered":"<p style=\"font-weight: 400;\">B\u00e9n\u00e9ficiez de performances optimales gr\u00e2ce \u00e0 notre batterie au lithium, qui offre un rendement \u00e9nerg\u00e9tique exceptionnel et n\u00e9cessite peu d'entretien. Fournissant une puissance constante \u00e0 votre moteur, elle affiche un rendement allant jusqu'\u00e0 96% tout en acceptant une charge partielle et rapide, r\u00e9duisant ainsi efficacement votre facture d'\u00e9lectricit\u00e9.<\/p>\n<p style=\"font-weight: 400;\">Avec notre chargeur rapide adaptatif 25A, profitez d'une recharge rapide et intelligente de votre batterie, pr\u00e9servant ainsi sa long\u00e9vit\u00e9. Restez connect\u00e9 et surveillez votre batterie Lithium Bluetooth LFP(LiFePO4) \u00e0 l'aide de l'application BBMAS, en suivant le SOC%, la tension, le nombre de cycles, et plus encore avec une port\u00e9e de connectivit\u00e9 de 10 m\u00e8tres.<\/p>\n<p style=\"font-weight: 400;\">Notre batterie l\u00e9g\u00e8re et sans entretien \u00e0 bo\u00eetier en aluminium donne la priorit\u00e9 \u00e0 la s\u00e9curit\u00e9 et \u00e0 la durabilit\u00e9. Le chargement rapide en seulement une heure (charge 80%) ou en 4 \u00e0 5 heures (charge compl\u00e8te) vous permet d'\u00eatre pr\u00eat \u00e0 rouler.<\/p>","protected":false},"featured_media":166,"template":"","meta":[],"product_brand":[],"product_cat":[25,26],"product_tag":[],"class_list":{"0":"post-106","1":"product","2":"type-product","3":"status-publish","4":"has-post-thumbnail","6":"product_cat-accessories","7":"product_cat-batteries","9":"first","10":"instock","11":"shipping-taxable","12":"product-type-simple"},"_links":{"self":[{"href":"https:\/\/electricbuggycompany.com\/fr\/wp-json\/wp\/v2\/product\/106","targetHints":{"allow":["GET"]}}],"collection":[{"href":"https:\/\/electricbuggycompany.com\/fr\/wp-json\/wp\/v2\/product"}],"about":[{"href":"https:\/\/electricbuggycompany.com\/fr\/wp-json\/wp\/v2\/types\/product"}],"wp:featuredmedia":[{"embeddable":true,"href":"https:\/\/electricbuggycompany.com\/fr\/wp-json\/wp\/v2\/media\/166"}],"wp:attachment":[{"href":"https:\/\/electricbuggycompany.com\/fr\/wp-json\/wp\/v2\/media?parent=106"}],"wp:term":[{"taxonomy":"product_brand","embeddable":true,"href":"https:\/\/electricbuggycompany.com\/fr\/wp-json\/wp\/v2\/product_brand?post=106"},{"taxonomy":"product_cat","embeddable":true,"href":"https:\/\/electricbuggycompany.com\/fr\/wp-json\/wp\/v2\/product_cat?post=106"},{"taxonomy":"product_tag","embeddable":true,"href":"https:\/\/electricbuggycompany.com\/fr\/wp-json\/wp\/v2\/product_tag?post=106"}],"curies":[{"name":"wp","href":"https:\/\/api.w.org\/{rel}","templated":true}]}}