{"id":105,"date":"2025-03-24T20:47:24","date_gmt":"2025-03-24T20:47:24","guid":{"rendered":"https:\/\/electricbuggycompany.com\/?post_type=product&#038;p=105"},"modified":"2025-03-24T20:48:34","modified_gmt":"2025-03-24T20:48:34","slug":"60ah-li-ion","status":"publish","type":"product","link":"https:\/\/electricbuggycompany.com\/fr\/produit\/60ah-li-ion\/","title":{"rendered":"60AH LI-ION"},"content":{"rendered":"<p style=\"font-weight: 400;\">Notre batterie au lithium change la donne : elle offre un meilleur rendement \u00e9nerg\u00e9tique et vous permet d'\u00e9conomiser sur votre facture d'\u00e9lectricit\u00e9 gr\u00e2ce \u00e0 une efficacit\u00e9 pouvant atteindre 96%. Elle est ultra-l\u00e9g\u00e8re, ce qui soulage la pelouse.<\/p>\n<p style=\"font-weight: 400;\">Sans entretien et respectueux de l'environnement, vous pouvez dire adieu aux soucis li\u00e9s \u00e0 l'eau distill\u00e9e. Envelopp\u00e9 dans un aluminium durable et r\u00e9sistant \u00e0 la rouille, il est con\u00e7u pour durer.<\/p>\n<p style=\"font-weight: 400;\">La charge rapide vous permet de reprendre l'action en seulement une heure pour une charge 80%, ou en 4 \u00e0 5 heures pour une charge compl\u00e8te. Notre chargeur adaptatif est intelligent et rapide, ce qui garantit une plus longue dur\u00e9e de vie de la batterie. De plus, notre connexion \u00e0 l'application permet une surveillance et un contr\u00f4le complets.<\/p>","protected":false},"excerpt":{"rendered":"<p style=\"font-weight: 400;\">Notre batterie au lithium change la donne : elle offre un meilleur rendement \u00e9nerg\u00e9tique et vous permet d'\u00e9conomiser sur votre facture d'\u00e9lectricit\u00e9 gr\u00e2ce \u00e0 une efficacit\u00e9 pouvant atteindre 96%. Elle est ultra-l\u00e9g\u00e8re, ce qui soulage la pelouse.<\/p>\n<p style=\"font-weight: 400;\">Sans entretien et respectueux de l'environnement, vous pouvez dire adieu aux soucis li\u00e9s \u00e0 l'eau distill\u00e9e. Envelopp\u00e9 dans un aluminium durable et r\u00e9sistant \u00e0 la rouille, il est con\u00e7u pour durer.<\/p>\n<p style=\"font-weight: 400;\">La charge rapide vous permet de reprendre l'action en seulement une heure pour une charge 80%, ou en 4 \u00e0 5 heures pour une charge compl\u00e8te. Notre chargeur adaptatif est intelligent et rapide, ce qui garantit une plus longue dur\u00e9e de vie de la batterie. De plus, notre connexion \u00e0 l'application permet une surveillance et un contr\u00f4le complets.<\/p>","protected":false},"featured_media":165,"template":"","meta":[],"product_brand":[],"product_cat":[25,26],"product_tag":[],"class_list":{"0":"post-105","1":"product","2":"type-product","3":"status-publish","4":"has-post-thumbnail","6":"product_cat-accessories","7":"product_cat-batteries","9":"first","10":"instock","11":"shipping-taxable","12":"product-type-simple"},"_links":{"self":[{"href":"https:\/\/electricbuggycompany.com\/fr\/wp-json\/wp\/v2\/product\/105","targetHints":{"allow":["GET"]}}],"collection":[{"href":"https:\/\/electricbuggycompany.com\/fr\/wp-json\/wp\/v2\/product"}],"about":[{"href":"https:\/\/electricbuggycompany.com\/fr\/wp-json\/wp\/v2\/types\/product"}],"wp:featuredmedia":[{"embeddable":true,"href":"https:\/\/electricbuggycompany.com\/fr\/wp-json\/wp\/v2\/media\/165"}],"wp:attachment":[{"href":"https:\/\/electricbuggycompany.com\/fr\/wp-json\/wp\/v2\/media?parent=105"}],"wp:term":[{"taxonomy":"product_brand","embeddable":true,"href":"https:\/\/electricbuggycompany.com\/fr\/wp-json\/wp\/v2\/product_brand?post=105"},{"taxonomy":"product_cat","embeddable":true,"href":"https:\/\/electricbuggycompany.com\/fr\/wp-json\/wp\/v2\/product_cat?post=105"},{"taxonomy":"product_tag","embeddable":true,"href":"https:\/\/electricbuggycompany.com\/fr\/wp-json\/wp\/v2\/product_tag?post=105"}],"curies":[{"name":"wp","href":"https:\/\/api.w.org\/{rel}","templated":true}]}}