{"id":104,"date":"2025-03-24T20:47:23","date_gmt":"2025-03-24T20:47:23","guid":{"rendered":"https:\/\/electricbuggycompany.com\/?post_type=product&#038;p=104"},"modified":"2025-03-24T20:48:32","modified_gmt":"2025-03-24T20:48:32","slug":"110ah-li-ion","status":"publish","type":"product","link":"https:\/\/electricbuggycompany.com\/fr\/produit\/110ah-li-ion\/","title":{"rendered":"110AH LI-ION"},"content":{"rendered":"<p style=\"font-weight: 400;\">Notre batterie au lithium est un concentr\u00e9 de puissance, qui fournit constamment plus de puissance \u00e0 votre moteur tout en \u00e9tant efficace jusqu'\u00e0 96%.<\/p>\n<p style=\"font-weight: 400;\">Dites adieu aux probl\u00e8mes d'entretien, il suffit de charger et de partir. Cette solution l\u00e9g\u00e8re est respectueuse de votre pelouse et \u00e9cologique, puisqu'elle ne n\u00e9cessite pas d'eau distill\u00e9e.<\/p>\n<p style=\"font-weight: 400;\">Envelopp\u00e9 dans un aluminium durable et r\u00e9sistant \u00e0 la rouille, il peut r\u00e9sister aux \u00e9l\u00e9ments. De plus, vous serez de nouveau op\u00e9rationnel en un rien de temps gr\u00e2ce \u00e0 la charge rapide, qui ne prend qu'une heure pour la charge 80% et 4 \u00e0 5 heures pour la pleine puissance. Gr\u00e2ce \u00e0 notre chargeur adaptatif, une charge efficace et rapide est toujours \u00e0 port\u00e9e de main, ce qui garantit une dur\u00e9e de vie prolong\u00e9e de la batterie.<\/p>","protected":false},"excerpt":{"rendered":"<p style=\"font-weight: 400;\">Notre batterie au lithium est un concentr\u00e9 de puissance, qui fournit constamment plus de puissance \u00e0 votre moteur tout en \u00e9tant efficace jusqu'\u00e0 96%.<\/p>\n<p style=\"font-weight: 400;\">Dites adieu aux probl\u00e8mes d'entretien, il suffit de charger et de partir. Cette solution l\u00e9g\u00e8re est respectueuse de votre pelouse et \u00e9cologique, puisqu'elle ne n\u00e9cessite pas d'eau distill\u00e9e.<\/p>\n<p style=\"font-weight: 400;\">Envelopp\u00e9 dans un aluminium durable et r\u00e9sistant \u00e0 la rouille, il peut r\u00e9sister aux \u00e9l\u00e9ments. De plus, vous serez de nouveau op\u00e9rationnel en un rien de temps gr\u00e2ce \u00e0 la charge rapide, qui ne prend qu'une heure pour la charge 80% et 4 \u00e0 5 heures pour la pleine puissance. Gr\u00e2ce \u00e0 notre chargeur adaptatif, une charge efficace et rapide est toujours \u00e0 port\u00e9e de main, ce qui garantit une dur\u00e9e de vie prolong\u00e9e de la batterie.<\/p>","protected":false},"featured_media":164,"template":"","meta":[],"product_brand":[],"product_cat":[25,26],"product_tag":[],"class_list":{"0":"post-104","1":"product","2":"type-product","3":"status-publish","4":"has-post-thumbnail","6":"product_cat-accessories","7":"product_cat-batteries","9":"first","10":"instock","11":"shipping-taxable","12":"product-type-simple"},"_links":{"self":[{"href":"https:\/\/electricbuggycompany.com\/fr\/wp-json\/wp\/v2\/product\/104","targetHints":{"allow":["GET"]}}],"collection":[{"href":"https:\/\/electricbuggycompany.com\/fr\/wp-json\/wp\/v2\/product"}],"about":[{"href":"https:\/\/electricbuggycompany.com\/fr\/wp-json\/wp\/v2\/types\/product"}],"wp:featuredmedia":[{"embeddable":true,"href":"https:\/\/electricbuggycompany.com\/fr\/wp-json\/wp\/v2\/media\/164"}],"wp:attachment":[{"href":"https:\/\/electricbuggycompany.com\/fr\/wp-json\/wp\/v2\/media?parent=104"}],"wp:term":[{"taxonomy":"product_brand","embeddable":true,"href":"https:\/\/electricbuggycompany.com\/fr\/wp-json\/wp\/v2\/product_brand?post=104"},{"taxonomy":"product_cat","embeddable":true,"href":"https:\/\/electricbuggycompany.com\/fr\/wp-json\/wp\/v2\/product_cat?post=104"},{"taxonomy":"product_tag","embeddable":true,"href":"https:\/\/electricbuggycompany.com\/fr\/wp-json\/wp\/v2\/product_tag?post=104"}],"curies":[{"name":"wp","href":"https:\/\/api.w.org\/{rel}","templated":true}]}}