{"id":103,"date":"2025-03-24T20:47:23","date_gmt":"2025-03-24T20:47:23","guid":{"rendered":"https:\/\/electricbuggycompany.com\/?post_type=product&#038;p=103"},"modified":"2025-03-24T20:48:30","modified_gmt":"2025-03-24T20:48:30","slug":"205ah-li-ion","status":"publish","type":"product","link":"https:\/\/electricbuggycompany.com\/fr\/produit\/205ah-li-ion\/","title":{"rendered":"205AH LI-ION"},"content":{"rendered":"<p style=\"font-weight: 400;\">Notre batterie au lithium r\u00e9volutionne votre exp\u00e9rience en offrant une grande efficacit\u00e9 \u00e9nerg\u00e9tique et un fonctionnement respectueux de l'environnement. Sans entretien, il suffit de la charger et de l'utiliser. Profitez d'une efficacit\u00e9 allant jusqu'\u00e0 96% et adaptez-vous \u00e0 une charge partielle ou rapide. Ultra-l\u00e9g\u00e8re et compacte, elle all\u00e8ge la charge sur votre terrain.<\/p>\n<p style=\"font-weight: 400;\">Dites adieu aux probl\u00e8mes li\u00e9s \u00e0 l'eau distill\u00e9e, \u00e0 l'absence d'entretien et \u00e0 un fonctionnement plus s\u00fbr. Envelopp\u00e9 dans un aluminium durable et r\u00e9sistant \u00e0 la rouille, il excelle en termes de performances et de long\u00e9vit\u00e9.<\/p>\n<p style=\"font-weight: 400;\">Gr\u00e2ce \u00e0 la charge rapide en une heure pour la charge 80% et en 4 \u00e0 5 heures pour la charge compl\u00e8te, vous serez rapidement de retour sur la piste. Connectez-vous \u00e0 notre application BBMAS pour une surveillance compl\u00e8te et profitez de la charge adaptative pour une plus longue dur\u00e9e de vie de la batterie.<\/p>","protected":false},"excerpt":{"rendered":"<p style=\"font-weight: 400;\">Notre batterie au lithium r\u00e9volutionne votre exp\u00e9rience en offrant une grande efficacit\u00e9 \u00e9nerg\u00e9tique et un fonctionnement respectueux de l'environnement. Sans entretien, il suffit de la charger et de l'utiliser. Profitez d'une efficacit\u00e9 allant jusqu'\u00e0 96% et adaptez-vous \u00e0 une charge partielle ou rapide. Ultra-l\u00e9g\u00e8re et compacte, elle all\u00e8ge la charge sur votre terrain.<\/p>\n<p style=\"font-weight: 400;\">Dites adieu aux probl\u00e8mes li\u00e9s \u00e0 l'eau distill\u00e9e, \u00e0 l'absence d'entretien et \u00e0 un fonctionnement plus s\u00fbr. Envelopp\u00e9 dans un aluminium durable et r\u00e9sistant \u00e0 la rouille, il excelle en termes de performances et de long\u00e9vit\u00e9.<\/p>\n<p style=\"font-weight: 400;\">Gr\u00e2ce \u00e0 la charge rapide en une heure pour la charge 80% et en 4 \u00e0 5 heures pour la charge compl\u00e8te, vous serez rapidement de retour sur la piste. Connectez-vous \u00e0 notre application BBMAS pour une surveillance compl\u00e8te et profitez de la charge adaptative pour une plus longue dur\u00e9e de vie de la batterie.<\/p>","protected":false},"featured_media":163,"template":"","meta":[],"product_brand":[],"product_cat":[25,26],"product_tag":[],"class_list":{"0":"post-103","1":"product","2":"type-product","3":"status-publish","4":"has-post-thumbnail","6":"product_cat-accessories","7":"product_cat-batteries","9":"first","10":"instock","11":"shipping-taxable","12":"product-type-simple"},"_links":{"self":[{"href":"https:\/\/electricbuggycompany.com\/fr\/wp-json\/wp\/v2\/product\/103","targetHints":{"allow":["GET"]}}],"collection":[{"href":"https:\/\/electricbuggycompany.com\/fr\/wp-json\/wp\/v2\/product"}],"about":[{"href":"https:\/\/electricbuggycompany.com\/fr\/wp-json\/wp\/v2\/types\/product"}],"wp:featuredmedia":[{"embeddable":true,"href":"https:\/\/electricbuggycompany.com\/fr\/wp-json\/wp\/v2\/media\/163"}],"wp:attachment":[{"href":"https:\/\/electricbuggycompany.com\/fr\/wp-json\/wp\/v2\/media?parent=103"}],"wp:term":[{"taxonomy":"product_brand","embeddable":true,"href":"https:\/\/electricbuggycompany.com\/fr\/wp-json\/wp\/v2\/product_brand?post=103"},{"taxonomy":"product_cat","embeddable":true,"href":"https:\/\/electricbuggycompany.com\/fr\/wp-json\/wp\/v2\/product_cat?post=103"},{"taxonomy":"product_tag","embeddable":true,"href":"https:\/\/electricbuggycompany.com\/fr\/wp-json\/wp\/v2\/product_tag?post=103"}],"curies":[{"name":"wp","href":"https:\/\/api.w.org\/{rel}","templated":true}]}}