{"id":93,"date":"2025-03-24T20:47:23","date_gmt":"2025-03-24T20:47:23","guid":{"rendered":"https:\/\/electricbuggycompany.com\/?post_type=product&#038;p=93"},"modified":"2025-10-22T18:13:44","modified_gmt":"2025-10-22T18:13:44","slug":"forester-4","status":"publish","type":"product","link":"https:\/\/electricbuggycompany.com\/es\/producto\/forester-4\/","title":{"rendered":"FORESTAL 4"},"content":{"rendered":"<div class=\"item_box\">\n<h4 class=\"title\">DIMENSIONS<\/h4>\n<p><strong>EXTERNAL DIMENSION:<\/strong> 2960\u00d71400\u00d72100mm<br \/>\n<strong>WHEELBASE:<\/strong> 1670mm<br \/>\n<strong>TRACK WIDTH (FRONT):<\/strong> 1000mm<br \/>\n<strong>TRACK WIDTH (REAR):<\/strong> 1025mm<br \/>\n<strong>BRAKING DISTANCE:<\/strong> \u22643.5m<br \/>\n<strong>MIN TURNING RADIUS:<\/strong> 3.2m<br \/>\n<strong>CURB WEIGHT:<\/strong> 469kg<br \/>\n<strong>MAX TOTAL MASS:<\/strong> 819kg<\/p>\n<\/div>\n<div class=\"item_box\">\n<h4 class=\"title\">ENGINE\/DRIVE TRAIN<\/h4>\n<p><strong>SYSTEM VOLTAGE:<\/strong> 48V<br \/>\n<strong>MOTOR POWER:<\/strong> 6.3kw<br \/>\n<strong>CHARGING TIME:<\/strong> 4-5h<br \/>\n<strong>CONTROLLER:<\/strong> 400A<br \/>\n<strong>MAX SPEED:<\/strong> 40 km\/h (25 mph)<br \/>\n<strong>MAX GRADIENT (FULL LOAD):<\/strong> 30%<br \/>\n<strong>BATTERY:<\/strong> 100Ah Lithium battery<\/p>\n<\/div>\n<div class=\"item_box\">\n<h4 class=\"title\">GENERAL<\/h4>\n<p><strong>GENERAL:<\/strong> 14X7&#8243;Aluminum Wheel\/ 23X10-14 Off road Tire<br \/>\n<strong>SEATING CAPACITY:<\/strong> Four persons<br \/>\n<strong>AVAILABLE MODEL COLORS:<\/strong> Candy Apple Red, White, Black, Navy Blue,Silver, Green. PPG&gt; Flamenco Red, Black Sapphire, Mediterranean Blue, Mineral White, Portimao Blue, Arctic Gray<br \/>\n<strong>AVAILABLE SEAT COLORS:<\/strong> Black&amp;Black, Silvery&amp;Black, Apple Red&amp;Black<br \/>\n<strong style=\"font-size: 17px; letter-spacing: 0.1px;\">FRAME:<\/strong><span style=\"font-size: 17px; letter-spacing: 0.1px;\"> E-coat and powder coated chassis<br \/>\n<\/span><strong style=\"font-size: 17px; letter-spacing: 0.1px;\">BODY:<\/strong><span style=\"font-size: 17px; letter-spacing: 0.1px;\"> TPO injection moulding front cowl and rear body, Automotive designed dashboard, color matched body.<br \/>\n<\/span><strong style=\"font-size: 17px; letter-spacing: 0.1px;\">USB:<\/strong><span style=\"font-size: 17px; letter-spacing: 0.1px;\"> USB socket+12V power outlet<\/span><i style=\"font-family: inherit; font-weight: inherit; letter-spacing: 0.1px;\"><img decoding=\"async\" src=\"https:\/\/ecdn6.globalso.com\/upload\/p\/1229\/source\/2024-02\/65e05ca6e70b919608.png\" alt=\"jiantou\" \/><\/i><\/p>\n<\/div>","protected":false},"excerpt":{"rendered":"<p>Presentamos el Forester 4, un destacado buggy el\u00e9ctrico personal perfecto para uso personal.<\/p>\n<p>Eleve su experiencia de conducci\u00f3n con nuestro excepcional buggy de caza que destaca entre la multitud.<\/p>\n<p>Nuestros buggies el\u00e9ctricos personales incorporan luces LED de bajo consumo, que ofrecen una luminosidad excepcional al tiempo que preservan la duraci\u00f3n de la bater\u00eda. Disfrute de una visibilidad hasta 2-3 veces mayor que la competencia. La bater\u00eda de iones de litio garantiza una carga r\u00e1pida, ciclos prolongados, bajo mantenimiento y seguridad de primer nivel.<\/p>\n<p>Respaldado por las certificaciones CE e ISO, Forester 4 viene con un <strong>3 a\u00f1os de garant\u00eda<\/strong>lo que subraya nuestra confianza en su calidad y fiabilidad. A pesar de su tama\u00f1o compacto, nuestros veh\u00edculos priorizan el confort y el estilo.<\/p>\n<p>Personaliza tu Forester 4 con mejoras, como un elegante salpicadero, que realza tanto la est\u00e9tica como la funcionalidad. Un pr\u00e1ctico compartimento bajo los asientos traseros a\u00f1ade comodidad y espacio de almacenamiento adicional.<\/p>\n<p>La seguridad y la comodidad son primordiales en nuestros veh\u00edculos, con caracter\u00edsticas como reposabrazos, cinturones de seguridad de bloqueo autom\u00e1tico y asideros. Disfruta de una conducci\u00f3n nocturna mejorada con nuestras luces traseras LED de alto rendimiento.<\/p>\n<p>Nuestros silenciosos neum\u00e1ticos todoterreno garantizan una conducci\u00f3n silenciosa y estable incluso en terrenos dif\u00edciles, lo que convierte al Forester 4 en el buggy el\u00e9ctrico personal perfecto.<\/p>\n<p><strong>DESDE 13.950 EUROS + IVA<\/strong><\/p>\n<h6><span style=\"color: #1470b3;\"><strong>Financiaci\u00f3n disponible<\/strong><\/span><\/h6>","protected":false},"featured_media":24589,"template":"","meta":[],"product_brand":[],"product_cat":[18,62],"product_tag":[],"class_list":{"0":"post-93","1":"product","2":"type-product","3":"status-publish","4":"has-post-thumbnail","6":"product_cat-electric-buggies","7":"product_cat-off-road","9":"first","10":"instock","11":"shipping-taxable","12":"product-type-simple"},"_links":{"self":[{"href":"https:\/\/electricbuggycompany.com\/es\/wp-json\/wp\/v2\/product\/93","targetHints":{"allow":["GET"]}}],"collection":[{"href":"https:\/\/electricbuggycompany.com\/es\/wp-json\/wp\/v2\/product"}],"about":[{"href":"https:\/\/electricbuggycompany.com\/es\/wp-json\/wp\/v2\/types\/product"}],"wp:featuredmedia":[{"embeddable":true,"href":"https:\/\/electricbuggycompany.com\/es\/wp-json\/wp\/v2\/media\/24589"}],"wp:attachment":[{"href":"https:\/\/electricbuggycompany.com\/es\/wp-json\/wp\/v2\/media?parent=93"}],"wp:term":[{"taxonomy":"product_brand","embeddable":true,"href":"https:\/\/electricbuggycompany.com\/es\/wp-json\/wp\/v2\/product_brand?post=93"},{"taxonomy":"product_cat","embeddable":true,"href":"https:\/\/electricbuggycompany.com\/es\/wp-json\/wp\/v2\/product_cat?post=93"},{"taxonomy":"product_tag","embeddable":true,"href":"https:\/\/electricbuggycompany.com\/es\/wp-json\/wp\/v2\/product_tag?post=93"}],"curies":[{"name":"wp","href":"https:\/\/api.w.org\/{rel}","templated":true}]}}