{"id":24523,"date":"2025-08-30T16:38:26","date_gmt":"2025-08-30T16:38:26","guid":{"rendered":"https:\/\/electricbuggycompany.com\/?post_type=product&#038;p=24523"},"modified":"2025-10-23T08:59:18","modified_gmt":"2025-10-23T08:59:18","slug":"turfman-700","status":"publish","type":"product","link":"https:\/\/electricbuggycompany.com\/es\/producto\/turfman-700\/","title":{"rendered":"Turfman 700"},"content":{"rendered":"<p data-start=\"1711\" data-end=\"1736\"><strong data-start=\"1711\" data-end=\"1734\">Dimensions &amp; Weight<\/strong><\/p>\n<ul data-start=\"1737\" data-end=\"1979\">\n<li data-start=\"1737\" data-end=\"1782\">\n<p data-start=\"1739\" data-end=\"1782\">External Dimension: 3000 \u00d7 1400 \u00d7 2000 mm<\/p>\n<\/li>\n<li data-start=\"1783\" data-end=\"1805\">\n<p data-start=\"1785\" data-end=\"1805\">Wheelbase: 1890 mm<\/p>\n<\/li>\n<li data-start=\"1806\" data-end=\"1838\">\n<p data-start=\"1808\" data-end=\"1838\">Track Width (Front): 1000 mm<\/p>\n<\/li>\n<li data-start=\"1839\" data-end=\"1870\">\n<p data-start=\"1841\" data-end=\"1870\">Track Width (Rear): 1025 mm<\/p>\n<\/li>\n<li data-start=\"1871\" data-end=\"1898\">\n<p data-start=\"1873\" data-end=\"1898\">Braking Distance: \u2264 4 m<\/p>\n<\/li>\n<li data-start=\"1899\" data-end=\"1928\">\n<p data-start=\"1901\" data-end=\"1928\">Min Turning Radius: 3.6 m<\/p>\n<\/li>\n<li data-start=\"1929\" data-end=\"1952\">\n<p data-start=\"1931\" data-end=\"1952\">Curb Weight: 465 kg<\/p>\n<\/li>\n<li data-start=\"1953\" data-end=\"1979\">\n<p data-start=\"1955\" data-end=\"1979\">Max Total Mass: 915 kg<\/p>\n<\/li>\n<\/ul>\n<p data-start=\"1981\" data-end=\"2002\"><strong data-start=\"1981\" data-end=\"2000\">Motor &amp; Battery<\/strong><\/p>\n<ul data-start=\"2003\" data-end=\"2195\">\n<li data-start=\"2003\" data-end=\"2026\">\n<p data-start=\"2005\" data-end=\"2026\">System Voltage: 48V<\/p>\n<\/li>\n<li data-start=\"2027\" data-end=\"2050\">\n<p data-start=\"2029\" data-end=\"2050\">Motor Power: 6.3 kW<\/p>\n<\/li>\n<li data-start=\"2051\" data-end=\"2071\">\n<p data-start=\"2053\" data-end=\"2071\">Controller: 400A<\/p>\n<\/li>\n<li data-start=\"2072\" data-end=\"2104\">\n<p data-start=\"2074\" data-end=\"2104\">Battery: 48V Lithium Battery<\/p>\n<\/li>\n<li data-start=\"2105\" data-end=\"2129\">\n<p data-start=\"2107\" data-end=\"2129\">Charging Time: 4\u20135 h<\/p>\n<\/li>\n<li data-start=\"2130\" data-end=\"2161\">\n<p data-start=\"2132\" data-end=\"2161\">Max Speed: 30 km\/h (19 mph)<\/p>\n<\/li>\n<li data-start=\"2162\" data-end=\"2195\">\n<p data-start=\"2164\" data-end=\"2195\">Max Gradient (Full Load): 30%<\/p>\n<\/li>\n<\/ul>\n<h4 class=\"title\">General<\/h4>\n<h4 class=\"title\"><strong>GENERAL:<\/strong> 10&#8243; Steel Wheel\/ 205\/65R10 Tire<br \/>\n<strong>SEATING CAPACITY:<\/strong> Two persons<br \/>\n<strong>AVAILABLE MODEL COLORS:<\/strong> Candy Apple Red, White, Black, Navy Blue,Silver, Green. PPG&gt; Flamenco Red, Black Sapphire, Mediterranean Blue, Mineral White, Portimao Blue, Arctic Gray<br \/>\n<strong>AVAILABLE SEAT COLORS:<\/strong> Black&amp;Black, Silvery&amp;Black, Apple Red&amp;Black<br \/>\n<span style=\"font-size: 17px; letter-spacing: 0.1px;\"><strong>FRAME:<\/strong> E-coat and powder coated chassis<br \/>\n<\/span><span style=\"font-size: 17px; letter-spacing: 0.1px;\"><strong>BODY:<\/strong> TPO injection moulding front cowl and rear body, Automotive designed dashboard, color matched body.<br \/>\n<\/span><span style=\"font-size: 17px; letter-spacing: 0.1px;\"><strong>USB:<\/strong> USB socket+12V power outlet<\/span><i style=\"font-family: inherit; font-weight: inherit; letter-spacing: 0.1px;\"><img decoding=\"async\" src=\"https:\/\/ecdn6.globalso.com\/upload\/p\/1229\/source\/2024-02\/65e05ca6e70b919608.png\" alt=\"jiantou\" \/><\/i><\/h4>","protected":false},"excerpt":{"rendered":"<p data-start=\"534\" data-end=\"859\">En <strong data-start=\"538\" data-end=\"553\">Turfman 700<\/strong> est\u00e1 fabricado para realizar tareas exigentes con facilidad, lo que lo convierte en el buggy el\u00e9ctrico multiuso perfecto para complejos tur\u00edsticos, granjas, campos de golf y operaciones comerciales. Compacto pero potente, combina <strong data-start=\"750\" data-end=\"824\">excelente maniobrabilidad, gran rendimiento y extraordinario confort<\/strong> tanto para los conductores como para los pasajeros.<\/p>\n<p data-start=\"861\" data-end=\"1210\">Impulsado por un <strong data-start=\"874\" data-end=\"890\">Motor de 6,3 kW<\/strong> y un <strong data-start=\"897\" data-end=\"927\">Sistema de bater\u00edas de litio de 48 V<\/strong>El Turfman 700 ofrece un rendimiento eficiente y fiable con <strong data-start=\"991\" data-end=\"1021\">tiempos de carga r\u00e1pida (4-5h)<\/strong> y un mantenimiento m\u00ednimo. Su <strong data-start=\"1051\" data-end=\"1075\">Radio de giro de 3,6 m<\/strong> garantiza la agilidad en espacios reducidos, mientras que la construcci\u00f3n robusta y <strong data-start=\"1138\" data-end=\"1170\">915 kg de capacidad de carga m\u00e1xima<\/strong> lo hacen adecuado para trabajos pesados.<\/p>\n<p data-start=\"1212\" data-end=\"1499\">Dise\u00f1ado con <strong data-start=\"1226\" data-end=\"1271\">comodidad y practicidad para el operador<\/strong>El Turfman 700 puede equiparse con caracter\u00edsticas personalizadas como <strong data-start=\"1332\" data-end=\"1380\">cajas de carga, guardabarros o neum\u00e1ticos todoterreno<\/strong>por lo que puede adaptarse a m\u00faltiples sectores, desde la hosteler\u00eda y la gesti\u00f3n inmobiliaria hasta la agricultura y el paisajismo.<\/p>\n<p data-start=\"1501\" data-end=\"1673\">Con su combinaci\u00f3n de <strong data-start=\"1525\" data-end=\"1566\">fuerza, estabilidad y adaptabilidad<\/strong>La Turfman 700 es la elecci\u00f3n definitiva para quienes necesitan un compa\u00f1ero de trabajo fiable dentro y fuera del campo.<\/p>\n<h6><span style=\"color: #1470b3;\"><strong>Financiaci\u00f3n disponible<\/strong><\/span><\/h6>\n<p data-start=\"127\" data-end=\"458\">Tambi\u00e9n ofrecemos una amplia gama de buggies el\u00e9ctricos comerciales para sectores como <strong data-start=\"205\" data-end=\"220\">Hosteler\u00eda<\/strong>, <strong data-start=\"222\" data-end=\"236\">Sanidad<\/strong>y mucho m\u00e1s. Los modelos incluyen <strong data-start=\"263\" data-end=\"276\">Ambulancia<\/strong>, <strong data-start=\"278\" data-end=\"294\">Limpieza<\/strong>, <strong data-start=\"296\" data-end=\"308\">Catering<\/strong> (abierto y cerrado), y <strong data-start=\"332\" data-end=\"351\">Acceso para minusv\u00e1lidos<\/strong> veh\u00edculos.<br data-start=\"361\" data-end=\"364\" \/>H\u00e1ganos saber sus requisitos espec\u00edficos: personalizaremos su silla de paseo para que se adapte exactamente a sus necesidades.<\/p>\n<p data-start=\"460\" data-end=\"523\"><strong data-start=\"460\" data-end=\"497\">Tambi\u00e9n se puede personalizar la marca<\/strong> en todos los modelos comerciales.<\/p>","protected":false},"featured_media":24591,"template":"","meta":[],"product_brand":[],"product_cat":[23],"product_tag":[],"class_list":{"0":"post-24523","1":"product","2":"type-product","3":"status-publish","4":"has-post-thumbnail","6":"product_cat-commercial","8":"first","9":"instock","10":"shipping-taxable","11":"product-type-simple"},"_links":{"self":[{"href":"https:\/\/electricbuggycompany.com\/es\/wp-json\/wp\/v2\/product\/24523","targetHints":{"allow":["GET"]}}],"collection":[{"href":"https:\/\/electricbuggycompany.com\/es\/wp-json\/wp\/v2\/product"}],"about":[{"href":"https:\/\/electricbuggycompany.com\/es\/wp-json\/wp\/v2\/types\/product"}],"wp:featuredmedia":[{"embeddable":true,"href":"https:\/\/electricbuggycompany.com\/es\/wp-json\/wp\/v2\/media\/24591"}],"wp:attachment":[{"href":"https:\/\/electricbuggycompany.com\/es\/wp-json\/wp\/v2\/media?parent=24523"}],"wp:term":[{"taxonomy":"product_brand","embeddable":true,"href":"https:\/\/electricbuggycompany.com\/es\/wp-json\/wp\/v2\/product_brand?post=24523"},{"taxonomy":"product_cat","embeddable":true,"href":"https:\/\/electricbuggycompany.com\/es\/wp-json\/wp\/v2\/product_cat?post=24523"},{"taxonomy":"product_tag","embeddable":true,"href":"https:\/\/electricbuggycompany.com\/es\/wp-json\/wp\/v2\/product_tag?post=24523"}],"curies":[{"name":"wp","href":"https:\/\/api.w.org\/{rel}","templated":true}]}}