{"id":116,"date":"2025-03-24T20:47:24","date_gmt":"2025-03-24T20:47:24","guid":{"rendered":"https:\/\/electricbuggycompany.com\/?post_type=product&#038;p=116"},"modified":"2025-10-23T09:17:42","modified_gmt":"2025-10-23T09:17:42","slug":"d5-ranger-6","status":"publish","type":"product","link":"https:\/\/electricbuggycompany.com\/es\/producto\/d5-ranger-6\/","title":{"rendered":"D5 RANGER 6"},"content":{"rendered":"<div class=\"item_box\">\n<h4 class=\"title\">DIMENSIONS<\/h4>\n<p><strong>EXTERNAL DIMENSION:<\/strong> 3760\u00d71418(rearview mirror)\u00d72035mm<br \/>\n<strong>WHEELBASE:<\/strong> 2900mm<br \/>\n<strong>TRACK WIDTH (FRONT):<\/strong> 925mm<br \/>\n<strong>TRACK WIDTH (REAR):<\/strong> 995mm<br \/>\n<strong>BRAKING DISTANCE:<\/strong> \u22643.5m<br \/>\n<strong>MIN TURNING RADIUS:<\/strong> 3.8m<br \/>\n<strong>CURB WEIGHT:<\/strong> 610kg<br \/>\n<strong>MAX TOTAL MASS:<\/strong> 1059kg<\/p>\n<\/div>\n<div class=\"item_box\">\n<h4 class=\"title\">ENGINE\/DRIVE TRAIN<\/h4>\n<p><strong>SYSTEM VOLTAGE:<\/strong> 48V<br \/>\n<strong>MOTOR POWER:<\/strong> 6.3kw with EM Brake<br \/>\n<strong>CHARGING TIME:<\/strong> 4-5h<br \/>\n<strong>CONTROLLER:<\/strong> 400A<br \/>\n<strong>MAX SPEED:<\/strong> 40 km\/h (25 mph)<br \/>\n<strong>MAX GRADIENT (FULL LOAD):<\/strong> 25%<br \/>\n<strong>BATTERY:<\/strong> 110AH Lithium battery<\/p>\n<\/div>\n<div class=\"item_box\">\n<h4 class=\"title\">GENERAL<\/h4>\n<p><strong>TIRE SIZE:<\/strong> 225\/50R14&#8221; radial tires &amp; 14&#8221;alloy rims<br \/>\n<strong>SEATING CAPACITY:<\/strong> Six persons<br \/>\n<strong>AVAILABLE MODEL COLORS<\/strong>: Flamenco Red,Black Sapphire,Portimao Blue,Mineral White,Mediterranean Blue,Arctic Gray<br \/>\n<strong>AVAILABLE SEAT COLOR:<\/strong> Black&amp;Black, White&amp;Black, Apple Red&amp;Black, Blue&amp;Black<br \/>\n<span style=\"font-size: 17px; letter-spacing: 0.1px;\"><strong>SUSPENSION SYSTEM:<\/strong> Front: double wishbone independent suspension Rear: leaf spring suspension<br \/>\n<\/span><span style=\"font-size: 17px; letter-spacing: 0.1px;\"><strong>USB:<\/strong> USB socket+12V power outlet<\/span><i style=\"font-family: inherit; font-weight: inherit; letter-spacing: 0.1px;\"><img decoding=\"async\" src=\"https:\/\/ecdn6.globalso.com\/upload\/p\/1229\/source\/2024-02\/65e05ca6e70b919608.png\" alt=\"jiantou\" \/><\/i><\/p>\n<\/div>","protected":false},"excerpt":{"rendered":"<p>Presentamos el D5 Ranger 6, un buggy el\u00e9ctrico personal con espacio para hasta seis pasajeros.<\/p>\n<p>Equipada con luces LED de alto rendimiento, la D5 Ranger 6 ofrece un campo de visi\u00f3n 2 \u00f3 3 veces m\u00e1s amplio a la vez que conserva la energ\u00eda de la bater\u00eda, lo que garantiza unos desplazamientos nocturnos seguros. La bater\u00eda de iones de litio combina carga r\u00e1pida, ciclos de carga prolongados, respeto por el medio ambiente, bajo mantenimiento y caracter\u00edsticas de seguridad de primer nivel.<\/p>\n<p>Este modelo destaca por su maniobrabilidad, comodidad y rendimiento, con certificaciones CE e ISO y un <strong>3 a\u00f1os de garant\u00eda<\/strong> para garantizar su calidad. A pesar de su tama\u00f1o compacto, prioriza el m\u00e1ximo confort y estilo.<\/p>\n<p>Tu buggy el\u00e9ctrico personal refleja tu personalidad y estilo, y nuestras mejoras y modificaciones a\u00f1aden belleza y funcionalidad. La pantalla t\u00e1ctil de 9 pulgadas centraliza varias funciones, como la m\u00fasica, el veloc\u00edmetro y la conectividad Bluetooth. Una barra de sonido mejora tu experiencia de conducci\u00f3n con modos de luz ajustables sincronizados con los ritmos de la m\u00fasica.<\/p>\n<p>Adem\u00e1s, nuestro salpicadero de nuevo dise\u00f1o cuenta con un espacioso compartimento de doble tama\u00f1o para guardar objetos como llaves y dispositivos m\u00f3viles. Con unos silenciosos neum\u00e1ticos dise\u00f1ados para ofrecer rendimiento y est\u00e9tica, podr\u00e1s disfrutar de un aspecto elegante y una conducci\u00f3n excepcional.<\/p>\n<p><strong>DESDE 19.500 EUROS + IVA<\/strong><\/p>\n<h6><span style=\"color: #0174f8;\"><strong>Financiaci\u00f3n disponible<\/strong><\/span><\/h6>\n<p>&nbsp;<\/p>","protected":false},"featured_media":24601,"template":"","meta":[],"product_brand":[],"product_cat":[20,18,61],"product_tag":[],"class_list":{"0":"post-116","1":"product","2":"type-product","3":"status-publish","4":"has-post-thumbnail","6":"product_cat-d-series","7":"product_cat-electric-buggies","8":"product_cat-premium","10":"first","11":"instock","12":"shipping-taxable","13":"product-type-simple"},"_links":{"self":[{"href":"https:\/\/electricbuggycompany.com\/es\/wp-json\/wp\/v2\/product\/116","targetHints":{"allow":["GET"]}}],"collection":[{"href":"https:\/\/electricbuggycompany.com\/es\/wp-json\/wp\/v2\/product"}],"about":[{"href":"https:\/\/electricbuggycompany.com\/es\/wp-json\/wp\/v2\/types\/product"}],"wp:featuredmedia":[{"embeddable":true,"href":"https:\/\/electricbuggycompany.com\/es\/wp-json\/wp\/v2\/media\/24601"}],"wp:attachment":[{"href":"https:\/\/electricbuggycompany.com\/es\/wp-json\/wp\/v2\/media?parent=116"}],"wp:term":[{"taxonomy":"product_brand","embeddable":true,"href":"https:\/\/electricbuggycompany.com\/es\/wp-json\/wp\/v2\/product_brand?post=116"},{"taxonomy":"product_cat","embeddable":true,"href":"https:\/\/electricbuggycompany.com\/es\/wp-json\/wp\/v2\/product_cat?post=116"},{"taxonomy":"product_tag","embeddable":true,"href":"https:\/\/electricbuggycompany.com\/es\/wp-json\/wp\/v2\/product_tag?post=116"}],"curies":[{"name":"wp","href":"https:\/\/api.w.org\/{rel}","templated":true}]}}