{"id":106,"date":"2025-03-24T20:47:24","date_gmt":"2025-03-24T20:47:24","guid":{"rendered":"https:\/\/electricbuggycompany.com\/?post_type=product&#038;p=106"},"modified":"2025-03-24T20:48:34","modified_gmt":"2025-03-24T20:48:34","slug":"100ah-li-ion","status":"publish","type":"product","link":"https:\/\/electricbuggycompany.com\/es\/producto\/100ah-li-ion\/","title":{"rendered":"100AH LI-ION"},"content":{"rendered":"<p style=\"font-weight: 400;\">Experimente el m\u00e1ximo rendimiento con nuestra bater\u00eda de litio, que ofrece una eficiencia energ\u00e9tica excepcional y un mantenimiento m\u00ednimo. Proporciona una potencia constante al motor y cuenta con una eficiencia de hasta 96%, adem\u00e1s de aceptar cargas parciales y r\u00e1pidas, lo que reduce eficazmente la factura el\u00e9ctrica.<\/p>\n<p style=\"font-weight: 400;\">Con nuestro cargador r\u00e1pido adaptable de 25 A, disfrute de una reposici\u00f3n r\u00e1pida e inteligente de la bater\u00eda, preservando su longevidad. Mant\u00e9ngase conectado y controle su bater\u00eda de litio Bluetooth LFP(LiFePO4) con la aplicaci\u00f3n BBMAS, que le permite realizar un seguimiento de la SOC%, el voltaje, el recuento de ciclos y mucho m\u00e1s con un alcance de conectividad de 10 metros.<\/p>\n<p style=\"font-weight: 400;\">Nuestra bater\u00eda ligera y sin mantenimiento con carcasa de aluminio prioriza la seguridad y la durabilidad. La carga r\u00e1pida en solo una hora (carga 80%) o 4-5 horas (carga completa) te garantiza que estar\u00e1s listo para rodar.<\/p>","protected":false},"excerpt":{"rendered":"<p style=\"font-weight: 400;\">Experimente el m\u00e1ximo rendimiento con nuestra bater\u00eda de litio, que ofrece una eficiencia energ\u00e9tica excepcional y un mantenimiento m\u00ednimo. Proporciona una potencia constante al motor y cuenta con una eficiencia de hasta 96%, adem\u00e1s de aceptar cargas parciales y r\u00e1pidas, lo que reduce eficazmente la factura el\u00e9ctrica.<\/p>\n<p style=\"font-weight: 400;\">Con nuestro cargador r\u00e1pido adaptable de 25 A, disfrute de una reposici\u00f3n r\u00e1pida e inteligente de la bater\u00eda, preservando su longevidad. Mant\u00e9ngase conectado y controle su bater\u00eda de litio Bluetooth LFP(LiFePO4) con la aplicaci\u00f3n BBMAS, que le permite realizar un seguimiento de la SOC%, el voltaje, el recuento de ciclos y mucho m\u00e1s con un alcance de conectividad de 10 metros.<\/p>\n<p style=\"font-weight: 400;\">Nuestra bater\u00eda ligera y sin mantenimiento con carcasa de aluminio prioriza la seguridad y la durabilidad. La carga r\u00e1pida en solo una hora (carga 80%) o 4-5 horas (carga completa) te garantiza que estar\u00e1s listo para rodar.<\/p>","protected":false},"featured_media":166,"template":"","meta":[],"product_brand":[],"product_cat":[25,26],"product_tag":[],"class_list":{"0":"post-106","1":"product","2":"type-product","3":"status-publish","4":"has-post-thumbnail","6":"product_cat-accessories","7":"product_cat-batteries","9":"first","10":"instock","11":"shipping-taxable","12":"product-type-simple"},"_links":{"self":[{"href":"https:\/\/electricbuggycompany.com\/es\/wp-json\/wp\/v2\/product\/106","targetHints":{"allow":["GET"]}}],"collection":[{"href":"https:\/\/electricbuggycompany.com\/es\/wp-json\/wp\/v2\/product"}],"about":[{"href":"https:\/\/electricbuggycompany.com\/es\/wp-json\/wp\/v2\/types\/product"}],"wp:featuredmedia":[{"embeddable":true,"href":"https:\/\/electricbuggycompany.com\/es\/wp-json\/wp\/v2\/media\/166"}],"wp:attachment":[{"href":"https:\/\/electricbuggycompany.com\/es\/wp-json\/wp\/v2\/media?parent=106"}],"wp:term":[{"taxonomy":"product_brand","embeddable":true,"href":"https:\/\/electricbuggycompany.com\/es\/wp-json\/wp\/v2\/product_brand?post=106"},{"taxonomy":"product_cat","embeddable":true,"href":"https:\/\/electricbuggycompany.com\/es\/wp-json\/wp\/v2\/product_cat?post=106"},{"taxonomy":"product_tag","embeddable":true,"href":"https:\/\/electricbuggycompany.com\/es\/wp-json\/wp\/v2\/product_tag?post=106"}],"curies":[{"name":"wp","href":"https:\/\/api.w.org\/{rel}","templated":true}]}}