{"id":105,"date":"2025-03-24T20:47:24","date_gmt":"2025-03-24T20:47:24","guid":{"rendered":"https:\/\/electricbuggycompany.com\/?post_type=product&#038;p=105"},"modified":"2025-03-24T20:48:34","modified_gmt":"2025-03-24T20:48:34","slug":"60ah-li-ion","status":"publish","type":"product","link":"https:\/\/electricbuggycompany.com\/es\/producto\/60ah-li-ion\/","title":{"rendered":"60AH LI-ION"},"content":{"rendered":"<p style=\"font-weight: 400;\">Nuestra bater\u00eda de litio cambia las reglas del juego, ya que proporciona una mayor eficiencia energ\u00e9tica y ahorra en la factura de la luz con una eficiencia de hasta 96%. Es ultraligera, lo que reduce la carga sobre el c\u00e9sped.<\/p>\n<p style=\"font-weight: 400;\">Sin mantenimiento y respetuoso con el medio ambiente, ya puede despedirse de las preocupaciones por el agua destilada. Fabricada en aluminio duradero y resistente al \u00f3xido, est\u00e1 hecha para durar.<\/p>\n<p style=\"font-weight: 400;\">La carga r\u00e1pida te permite volver a la acci\u00f3n en s\u00f3lo una hora para la carga 80%, o en 4-5 horas para una carga completa. Con nuestro cargador adaptativo, es inteligente y r\u00e1pido, lo que garantiza una mayor duraci\u00f3n de la bater\u00eda. Adem\u00e1s, la conexi\u00f3n a nuestra App permite un seguimiento y control exhaustivos.<\/p>","protected":false},"excerpt":{"rendered":"<p style=\"font-weight: 400;\">Nuestra bater\u00eda de litio cambia las reglas del juego, ya que proporciona una mayor eficiencia energ\u00e9tica y ahorra en la factura de la luz con una eficiencia de hasta 96%. Es ultraligera, lo que reduce la carga sobre el c\u00e9sped.<\/p>\n<p style=\"font-weight: 400;\">Sin mantenimiento y respetuoso con el medio ambiente, ya puede despedirse de las preocupaciones por el agua destilada. Fabricada en aluminio duradero y resistente al \u00f3xido, est\u00e1 hecha para durar.<\/p>\n<p style=\"font-weight: 400;\">La carga r\u00e1pida te permite volver a la acci\u00f3n en s\u00f3lo una hora para la carga 80%, o en 4-5 horas para una carga completa. Con nuestro cargador adaptativo, es inteligente y r\u00e1pido, lo que garantiza una mayor duraci\u00f3n de la bater\u00eda. Adem\u00e1s, la conexi\u00f3n a nuestra App permite un seguimiento y control exhaustivos.<\/p>","protected":false},"featured_media":165,"template":"","meta":[],"product_brand":[],"product_cat":[25,26],"product_tag":[],"class_list":{"0":"post-105","1":"product","2":"type-product","3":"status-publish","4":"has-post-thumbnail","6":"product_cat-accessories","7":"product_cat-batteries","9":"first","10":"instock","11":"shipping-taxable","12":"product-type-simple"},"_links":{"self":[{"href":"https:\/\/electricbuggycompany.com\/es\/wp-json\/wp\/v2\/product\/105","targetHints":{"allow":["GET"]}}],"collection":[{"href":"https:\/\/electricbuggycompany.com\/es\/wp-json\/wp\/v2\/product"}],"about":[{"href":"https:\/\/electricbuggycompany.com\/es\/wp-json\/wp\/v2\/types\/product"}],"wp:featuredmedia":[{"embeddable":true,"href":"https:\/\/electricbuggycompany.com\/es\/wp-json\/wp\/v2\/media\/165"}],"wp:attachment":[{"href":"https:\/\/electricbuggycompany.com\/es\/wp-json\/wp\/v2\/media?parent=105"}],"wp:term":[{"taxonomy":"product_brand","embeddable":true,"href":"https:\/\/electricbuggycompany.com\/es\/wp-json\/wp\/v2\/product_brand?post=105"},{"taxonomy":"product_cat","embeddable":true,"href":"https:\/\/electricbuggycompany.com\/es\/wp-json\/wp\/v2\/product_cat?post=105"},{"taxonomy":"product_tag","embeddable":true,"href":"https:\/\/electricbuggycompany.com\/es\/wp-json\/wp\/v2\/product_tag?post=105"}],"curies":[{"name":"wp","href":"https:\/\/api.w.org\/{rel}","templated":true}]}}