{"id":104,"date":"2025-03-24T20:47:23","date_gmt":"2025-03-24T20:47:23","guid":{"rendered":"https:\/\/electricbuggycompany.com\/?post_type=product&#038;p=104"},"modified":"2025-03-24T20:48:32","modified_gmt":"2025-03-24T20:48:32","slug":"110ah-li-ion","status":"publish","type":"product","link":"https:\/\/electricbuggycompany.com\/es\/producto\/110ah-li-ion\/","title":{"rendered":"110AH LI-ION"},"content":{"rendered":"<p style=\"font-weight: 400;\">Nuestra bater\u00eda de litio es un centro neur\u00e1lgico, que suministra constantemente m\u00e1s potencia a su motor con una eficiencia de hasta 96%.<\/p>\n<p style=\"font-weight: 400;\">Desp\u00eddase de las molestias de mantenimiento, cargue y listo. Esta soluci\u00f3n ligera no da\u00f1a el c\u00e9sped y es respetuosa con el medio ambiente, ya que no necesita agua destilada.<\/p>\n<p style=\"font-weight: 400;\">Su carcasa de aluminio duradero y resistente al \u00f3xido le permite soportar las inclemencias del tiempo. Adem\u00e1s, volver\u00e1s a estar en movimiento en un abrir y cerrar de ojos gracias a la carga r\u00e1pida, que tarda s\u00f3lo una hora en cargarse 80% o entre 4 y 5 horas a plena potencia. Con nuestro cargador adaptable, la carga r\u00e1pida y eficiente est\u00e1 siempre a tu alcance, garantizando una prolongada duraci\u00f3n de la bater\u00eda.<\/p>","protected":false},"excerpt":{"rendered":"<p style=\"font-weight: 400;\">Nuestra bater\u00eda de litio es un centro neur\u00e1lgico, que suministra constantemente m\u00e1s potencia a su motor con una eficiencia de hasta 96%.<\/p>\n<p style=\"font-weight: 400;\">Desp\u00eddase de las molestias de mantenimiento, cargue y listo. Esta soluci\u00f3n ligera no da\u00f1a el c\u00e9sped y es respetuosa con el medio ambiente, ya que no necesita agua destilada.<\/p>\n<p style=\"font-weight: 400;\">Su carcasa de aluminio duradero y resistente al \u00f3xido le permite soportar las inclemencias del tiempo. Adem\u00e1s, volver\u00e1s a estar en movimiento en un abrir y cerrar de ojos gracias a la carga r\u00e1pida, que tarda s\u00f3lo una hora en cargarse 80% o entre 4 y 5 horas a plena potencia. Con nuestro cargador adaptable, la carga r\u00e1pida y eficiente est\u00e1 siempre a tu alcance, garantizando una prolongada duraci\u00f3n de la bater\u00eda.<\/p>","protected":false},"featured_media":164,"template":"","meta":[],"product_brand":[],"product_cat":[25,26],"product_tag":[],"class_list":{"0":"post-104","1":"product","2":"type-product","3":"status-publish","4":"has-post-thumbnail","6":"product_cat-accessories","7":"product_cat-batteries","9":"first","10":"instock","11":"shipping-taxable","12":"product-type-simple"},"_links":{"self":[{"href":"https:\/\/electricbuggycompany.com\/es\/wp-json\/wp\/v2\/product\/104","targetHints":{"allow":["GET"]}}],"collection":[{"href":"https:\/\/electricbuggycompany.com\/es\/wp-json\/wp\/v2\/product"}],"about":[{"href":"https:\/\/electricbuggycompany.com\/es\/wp-json\/wp\/v2\/types\/product"}],"wp:featuredmedia":[{"embeddable":true,"href":"https:\/\/electricbuggycompany.com\/es\/wp-json\/wp\/v2\/media\/164"}],"wp:attachment":[{"href":"https:\/\/electricbuggycompany.com\/es\/wp-json\/wp\/v2\/media?parent=104"}],"wp:term":[{"taxonomy":"product_brand","embeddable":true,"href":"https:\/\/electricbuggycompany.com\/es\/wp-json\/wp\/v2\/product_brand?post=104"},{"taxonomy":"product_cat","embeddable":true,"href":"https:\/\/electricbuggycompany.com\/es\/wp-json\/wp\/v2\/product_cat?post=104"},{"taxonomy":"product_tag","embeddable":true,"href":"https:\/\/electricbuggycompany.com\/es\/wp-json\/wp\/v2\/product_tag?post=104"}],"curies":[{"name":"wp","href":"https:\/\/api.w.org\/{rel}","templated":true}]}}