{"id":103,"date":"2025-03-24T20:47:23","date_gmt":"2025-03-24T20:47:23","guid":{"rendered":"https:\/\/electricbuggycompany.com\/?post_type=product&#038;p=103"},"modified":"2025-03-24T20:48:30","modified_gmt":"2025-03-24T20:48:30","slug":"205ah-li-ion","status":"publish","type":"product","link":"https:\/\/electricbuggycompany.com\/es\/producto\/205ah-li-ion\/","title":{"rendered":"205AH LI-ION"},"content":{"rendered":"<p style=\"font-weight: 400;\">Nuestra bater\u00eda de litio revoluciona su experiencia, proporcionando una eficiencia de alta potencia constante y un funcionamiento respetuoso con el medio ambiente. No necesita mantenimiento, s\u00f3lo tiene que cargarla y ponerse en marcha. Disfrute de una eficiencia de hasta 96% y ad\u00e1ptese a la carga parcial o r\u00e1pida. Ultraligera y compacta, aligera la carga sobre el terreno.<\/p>\n<p style=\"font-weight: 400;\">Diga adi\u00f3s a las preocupaciones por el agua destilada, sin mantenimiento y con un funcionamiento m\u00e1s seguro. Fabricado en aluminio duradero y resistente a la corrosi\u00f3n, destaca por su rendimiento y longevidad.<\/p>\n<p style=\"font-weight: 400;\">Con la carga r\u00e1pida que tarda solo una hora para la carga 80% y 4-5 horas para una carga completa, volver\u00e1 a estar en marcha r\u00e1pidamente. Con\u00e9ctese con nuestra aplicaci\u00f3n BBMAS para un seguimiento exhaustivo y disfrute de la carga adaptativa para prolongar la duraci\u00f3n de la bater\u00eda.<\/p>","protected":false},"excerpt":{"rendered":"<p style=\"font-weight: 400;\">Nuestra bater\u00eda de litio revoluciona su experiencia, proporcionando una eficiencia de alta potencia constante y un funcionamiento respetuoso con el medio ambiente. No necesita mantenimiento, s\u00f3lo tiene que cargarla y ponerse en marcha. Disfrute de una eficiencia de hasta 96% y ad\u00e1ptese a la carga parcial o r\u00e1pida. Ultraligera y compacta, aligera la carga sobre el terreno.<\/p>\n<p style=\"font-weight: 400;\">Diga adi\u00f3s a las preocupaciones por el agua destilada, sin mantenimiento y con un funcionamiento m\u00e1s seguro. Fabricado en aluminio duradero y resistente a la corrosi\u00f3n, destaca por su rendimiento y longevidad.<\/p>\n<p style=\"font-weight: 400;\">Con la carga r\u00e1pida que tarda solo una hora para la carga 80% y 4-5 horas para una carga completa, volver\u00e1 a estar en marcha r\u00e1pidamente. Con\u00e9ctese con nuestra aplicaci\u00f3n BBMAS para un seguimiento exhaustivo y disfrute de la carga adaptativa para prolongar la duraci\u00f3n de la bater\u00eda.<\/p>","protected":false},"featured_media":163,"template":"","meta":[],"product_brand":[],"product_cat":[25,26],"product_tag":[],"class_list":{"0":"post-103","1":"product","2":"type-product","3":"status-publish","4":"has-post-thumbnail","6":"product_cat-accessories","7":"product_cat-batteries","9":"first","10":"instock","11":"shipping-taxable","12":"product-type-simple"},"_links":{"self":[{"href":"https:\/\/electricbuggycompany.com\/es\/wp-json\/wp\/v2\/product\/103","targetHints":{"allow":["GET"]}}],"collection":[{"href":"https:\/\/electricbuggycompany.com\/es\/wp-json\/wp\/v2\/product"}],"about":[{"href":"https:\/\/electricbuggycompany.com\/es\/wp-json\/wp\/v2\/types\/product"}],"wp:featuredmedia":[{"embeddable":true,"href":"https:\/\/electricbuggycompany.com\/es\/wp-json\/wp\/v2\/media\/163"}],"wp:attachment":[{"href":"https:\/\/electricbuggycompany.com\/es\/wp-json\/wp\/v2\/media?parent=103"}],"wp:term":[{"taxonomy":"product_brand","embeddable":true,"href":"https:\/\/electricbuggycompany.com\/es\/wp-json\/wp\/v2\/product_brand?post=103"},{"taxonomy":"product_cat","embeddable":true,"href":"https:\/\/electricbuggycompany.com\/es\/wp-json\/wp\/v2\/product_cat?post=103"},{"taxonomy":"product_tag","embeddable":true,"href":"https:\/\/electricbuggycompany.com\/es\/wp-json\/wp\/v2\/product_tag?post=103"}],"curies":[{"name":"wp","href":"https:\/\/api.w.org\/{rel}","templated":true}]}}