{"id":101,"date":"2025-03-24T20:47:23","date_gmt":"2025-03-24T20:47:23","guid":{"rendered":"https:\/\/electricbuggycompany.com\/?post_type=product&#038;p=101"},"modified":"2025-10-23T09:15:06","modified_gmt":"2025-10-23T09:15:06","slug":"carrier-6","status":"publish","type":"product","link":"https:\/\/electricbuggycompany.com\/es\/producto\/carrier-6\/","title":{"rendered":"TRANSPORTISTA 6"},"content":{"rendered":"<div class=\"item_box\">\n<p>DIMENSIONS<\/p>\n<p><strong>EXTERNAL DIMENSION:<\/strong> 3660\u00d71400\u00d71930mm<br \/>\n<strong>WHEELBASE:<\/strong> 2450mm<br \/>\n<strong>TRACK WIDTH (FRONT):<\/strong> 880mm<br \/>\n<strong>TRACK WIDTH (REAR):<\/strong> 980mm<br \/>\n<strong>BRAKING DISTANCE:<\/strong> \u22644m<br \/>\n<strong>MIN TURNING RADIUS:<\/strong> 4.3m<br \/>\n<strong>CURB WEIGHT:<\/strong> 469kg<br \/>\n<strong>MAX TOTAL MASS:<\/strong> 969kg<\/p>\n<\/div>\n<div class=\"item_box\">\n<h4 class=\"title\">ENGINE\/DRIVE TRAIN<\/h4>\n<p><strong>SYSTEM VOLTAGE:<\/strong> 48V<br \/>\n<strong>MOTOR POWER:<\/strong> 6.3kw with EM Brake<br \/>\n<strong>CHARGING TIME:<\/strong> 4-5h<br \/>\n<strong>CONTROLLER:<\/strong> 400A<br \/>\n<strong>MAX SPEED:<\/strong> 40 km\/h (25 mph)<br \/>\n<strong>MAX GRADIENT (FULL LOAD):<\/strong> 30%<br \/>\n<strong>BATTERY:<\/strong> 100Ah Lithium battery<\/p>\n<\/div>\n<div class=\"item_box\">\n<h4 class=\"title\">GENERAL<\/h4>\n<p><strong>GENERAL:<\/strong> 14\u00d77&#8221; Aluminum Wheel\/215\/35R14&#8221; Radial Tire<br \/>\n<strong>SEATING CAPACITY:<\/strong> Six persons<br \/>\n<strong>AVAILABLE MODEL COLORS:<\/strong> Candy Apple Red, White, Black, Navy Blue,Silver, Green. PPG&gt; Flamenco Red, Black Sapphire, Mediterranean Blue, Mineral White, Portimao Blue, Arctic Gray<br \/>\n<strong>AVAILABLE SEAT COLORS:<\/strong> Black&amp;Black, Silvery&amp;Black, Apple Red&amp;Black<br \/>\n<span style=\"font-size: 17px; letter-spacing: 0.1px;\"><strong>FRAME:<\/strong> E-coat and powder coated chassis<br \/>\n<\/span><span style=\"font-size: 17px; letter-spacing: 0.1px;\"><strong>BODY:<\/strong> TPO injection moulding front cowl and rear body, Automotive designed dashboard, color matched body.<br \/>\n<\/span><span style=\"font-size: 17px; letter-spacing: 0.1px;\"><strong>USB:<\/strong> USB socket+12V power outlet<\/span><\/p>\n<\/div>","protected":false},"excerpt":{"rendered":"<p>Experimente asientos espaciosos y fiabilidad con nuestra silla de paseo el\u00e9ctrica comercial, la Carrier 6. Alimentados por una bater\u00eda de iones de litio de carga r\u00e1pida, nuestros veh\u00edculos ofrecen ciclos de carga prolongados, bajo mantenimiento y seguridad de primera categor\u00eda para sus necesidades comerciales.<\/p>\n<p>El Carrier 6 destaca por su maniobrabilidad, comodidad y rendimiento, lo que lo convierte en la opci\u00f3n ideal para su negocio. Con certificaciones CE e ISO, nuestros buggies el\u00e9ctricos vienen con un <strong>3 a\u00f1os de garant\u00eda<\/strong>reafirmando nuestra confianza en su calidad y fiabilidad.<\/p>\n<p>A pesar de su tama\u00f1o compacto, nuestros veh\u00edculos priorizan el m\u00e1ximo confort y funcionalidad, lo que los hace perfectos para sus operaciones comerciales.<\/p>\n<p>Nuestras bater\u00edas de iones de litio de alta calidad garantizan un rendimiento superior, mientras que nuestro dise\u00f1o de eje trasero simplifica el mantenimiento y a\u00f1ade resistencia a su flota comercial.<\/p>\n<h4 class=\"title\">DESDE 14.750 EUROS + IVA<\/h4>\n<h6><span style=\"color: #1470b3;\"><strong>Financiaci\u00f3n disponible<\/strong><\/span><\/h6>","protected":false},"featured_media":24599,"template":"","meta":[],"product_brand":[],"product_cat":[18,19,22],"product_tag":[],"class_list":{"0":"post-101","1":"product","2":"type-product","3":"status-publish","4":"has-post-thumbnail","6":"product_cat-electric-buggies","7":"product_cat-golf","8":"product_cat-personal","10":"first","11":"instock","12":"shipping-taxable","13":"product-type-simple"},"_links":{"self":[{"href":"https:\/\/electricbuggycompany.com\/es\/wp-json\/wp\/v2\/product\/101","targetHints":{"allow":["GET"]}}],"collection":[{"href":"https:\/\/electricbuggycompany.com\/es\/wp-json\/wp\/v2\/product"}],"about":[{"href":"https:\/\/electricbuggycompany.com\/es\/wp-json\/wp\/v2\/types\/product"}],"wp:featuredmedia":[{"embeddable":true,"href":"https:\/\/electricbuggycompany.com\/es\/wp-json\/wp\/v2\/media\/24599"}],"wp:attachment":[{"href":"https:\/\/electricbuggycompany.com\/es\/wp-json\/wp\/v2\/media?parent=101"}],"wp:term":[{"taxonomy":"product_brand","embeddable":true,"href":"https:\/\/electricbuggycompany.com\/es\/wp-json\/wp\/v2\/product_brand?post=101"},{"taxonomy":"product_cat","embeddable":true,"href":"https:\/\/electricbuggycompany.com\/es\/wp-json\/wp\/v2\/product_cat?post=101"},{"taxonomy":"product_tag","embeddable":true,"href":"https:\/\/electricbuggycompany.com\/es\/wp-json\/wp\/v2\/product_tag?post=101"}],"curies":[{"name":"wp","href":"https:\/\/api.w.org\/{rel}","templated":true}]}}