{"id":99,"date":"2025-03-24T20:47:23","date_gmt":"2025-03-24T20:47:23","guid":{"rendered":"https:\/\/electricbuggycompany.com\/?post_type=product&#038;p=99"},"modified":"2025-10-23T09:15:02","modified_gmt":"2025-10-23T09:15:02","slug":"d5-ranger-4","status":"publish","type":"product","link":"https:\/\/electricbuggycompany.com\/de\/produkt\/d5-ranger-4\/","title":{"rendered":"D5 RANGER 4"},"content":{"rendered":"<div class=\"item_box\">\n<h4 class=\"title\">DIMENSIONS<\/h4>\n<p><strong>EXTERNAL DIMENSION:<\/strong> 2910\u00d71418(rearview mirror)\u00d72020mm<br \/>\n<strong>WHEELBASE:<\/strong> 2050mm<br \/>\n<strong>TRACK WIDTH (FRONT):<\/strong> 925mm<br \/>\n<strong>TRACK WIDTH (REAR):<\/strong> 995mm<br \/>\n<strong>BRAKING DISTANCE:<\/strong> \u22643.5m<br \/>\n<strong>MIN TURNING RADIUS:<\/strong> 3.4m<br \/>\nCURB WEIGHT: 480kg<br \/>\n<strong>MAX TOTAL MASS:<\/strong> 785kg<\/p>\n<\/div>\n<div class=\"item_box\">\n<h4 class=\"title\">ENGINE\/DRIVE TRAIN<\/h4>\n<p><strong>SYSTEM VOLTAGE:<\/strong> 48V<br \/>\n<strong>MOTOR POWER:<\/strong> 6.3kw with EM Brake<br \/>\n<strong>CHARGING TIME:<\/strong> 4-5h<br \/>\n<strong>CONTROLLER:<\/strong> 400A<br \/>\n<strong>MAX SPEED:<\/strong> 40 km\/h (25 mph)<br \/>\n<strong>MAX GRADIENT (FULL LOAD):<\/strong> 25%<br \/>\n<strong>BATTERY:<\/strong> 110AH Lithium battery<\/p>\n<\/div>\n<div class=\"item_box\">\n<h4 class=\"title\">GENERAL<\/h4>\n<p><strong>TIRE SIZE:<\/strong> 225\/50R14&#8221; radial tires &amp; 14&#8221;alloy rims<br \/>\n<strong>SEATING CAPACITY:<\/strong> Four persons<br \/>\n<strong>AVAILABLE MODEL COLORS<\/strong>: Flamenco Red,Black Sapphire,Portimao Blue,Mineral White,Mediterranean Blue,Arctic Gray<br \/>\n<strong>AVAILABLE SEAT COLOR:<\/strong> Black&amp;Black, White&amp;Black, Apple Red&amp;Black, Blue&amp;Black<br \/>\n<span style=\"font-size: 17px; letter-spacing: 0.1px;\"><strong>SUSPENSION SYSTEM:<\/strong> Front: double wishbone independent suspension Rear: leaf spring suspension<br \/>\n<\/span><span style=\"font-size: 17px; letter-spacing: 0.1px;\"><strong>USB:<\/strong> USB socket+12V powder outlet<\/span><\/p>\n<\/div>","protected":false},"excerpt":{"rendered":"<p>Der D5 Ranger 4 ist der ultimative Elektrobuggy, der f\u00fcr mehr Sportlichkeit auf dem Spielfeld sorgt!<\/p>\n<p>Unser D5 Ranger 4 ist mit leistungsstarken LED-Lichtern ausgestattet, die ein 2-3 mal gr\u00f6\u00dferes Sichtfeld gew\u00e4hrleisten und gleichzeitig die Batterie effizient schonen, was sichere Fahrten bei Nacht erm\u00f6glicht. Der Lithium-Ionen-Akku kombiniert Schnellladung, verl\u00e4ngerte Ladezyklen, Umweltfreundlichkeit, geringen Wartungsaufwand und erstklassige Sicherheitsfunktionen.<\/p>\n<p>Dieses Modell ist ein Meister in Sachen Man\u00f6vrierbarkeit, Komfort und Leistung. Unterst\u00fctzt durch CE- und ISO-Zertifizierungen, ist unser <strong>3 Jahre Garantie<\/strong> unterstreicht unser unersch\u00fctterliches Vertrauen in seine Qualit\u00e4t. Trotz seiner kompakten Gr\u00f6\u00dfe bietet er maximalen Komfort mit erstklassiger Innen- und Au\u00dfenausstattung.<\/p>\n<p>Ihr pers\u00f6nlicher Elektrobuggy ist eine Erweiterung Ihrer Pers\u00f6nlichkeit und Ihres Stils. Unsere Upgrades und Modifikationen verleihen Ihrem Fahrzeug sowohl Sch\u00f6nheit als auch Funktionalit\u00e4t. Der 9-Zoll-Touchscreen b\u00fcndelt verschiedene Funktionen wie Musik, Tachometer und Bluetooth-Verbindung. Eine Soundbar verbessert Ihr Fahrerlebnis mit einstellbaren Lichtmodi, die mit Musikbeats synchronisiert sind.<\/p>\n<p>Dar\u00fcber hinaus bietet unser neu gestaltetes Armaturenbrett ein ger\u00e4umiges Ablagefach in doppelter Gr\u00f6\u00dfe f\u00fcr Gegenst\u00e4nde wie Schl\u00fcssel und mobile Ger\u00e4te. Dank der leisen Reifen, die sowohl auf Leistung als auch auf \u00c4sthetik ausgelegt sind, k\u00f6nnen Sie einen eleganten Look und ein au\u00dfergew\u00f6hnliches Fahrgef\u00fchl genie\u00dfen. Der D5 Maverick 4 ist der Inbegriff der sportlichen Raffinesse in der Welt der Elektrobuggys.<\/p>\n<p><strong>AB \u20ac18.500 + IVA<\/strong><\/p>\n<h6><span style=\"color: #0174f8;\"><strong>Finanzierung verf\u00fcgbar!<\/strong><\/span><\/h6>","protected":false},"featured_media":24596,"template":"","meta":[],"product_brand":[],"product_cat":[18,61],"product_tag":[],"class_list":{"0":"post-99","1":"product","2":"type-product","3":"status-publish","4":"has-post-thumbnail","6":"product_cat-electric-buggies","7":"product_cat-premium","9":"first","10":"instock","11":"shipping-taxable","12":"product-type-simple"},"_links":{"self":[{"href":"https:\/\/electricbuggycompany.com\/de\/wp-json\/wp\/v2\/product\/99","targetHints":{"allow":["GET"]}}],"collection":[{"href":"https:\/\/electricbuggycompany.com\/de\/wp-json\/wp\/v2\/product"}],"about":[{"href":"https:\/\/electricbuggycompany.com\/de\/wp-json\/wp\/v2\/types\/product"}],"wp:featuredmedia":[{"embeddable":true,"href":"https:\/\/electricbuggycompany.com\/de\/wp-json\/wp\/v2\/media\/24596"}],"wp:attachment":[{"href":"https:\/\/electricbuggycompany.com\/de\/wp-json\/wp\/v2\/media?parent=99"}],"wp:term":[{"taxonomy":"product_brand","embeddable":true,"href":"https:\/\/electricbuggycompany.com\/de\/wp-json\/wp\/v2\/product_brand?post=99"},{"taxonomy":"product_cat","embeddable":true,"href":"https:\/\/electricbuggycompany.com\/de\/wp-json\/wp\/v2\/product_cat?post=99"},{"taxonomy":"product_tag","embeddable":true,"href":"https:\/\/electricbuggycompany.com\/de\/wp-json\/wp\/v2\/product_tag?post=99"}],"curies":[{"name":"wp","href":"https:\/\/api.w.org\/{rel}","templated":true}]}}