{"id":97,"date":"2025-03-24T20:47:23","date_gmt":"2025-03-24T20:47:23","guid":{"rendered":"https:\/\/electricbuggycompany.com\/?post_type=product&#038;p=97"},"modified":"2025-10-23T08:59:09","modified_gmt":"2025-10-23T08:59:09","slug":"turfman-450","status":"publish","type":"product","link":"https:\/\/electricbuggycompany.com\/de\/produkt\/turfman-450\/","title":{"rendered":"TURFMAN 450"},"content":{"rendered":"<div class=\"item_box\">\n<h4 class=\"title\">DIMENSIONS<\/h4>\n<div><\/div>\n<p><strong>EXTERNAL DIMENSION:<\/strong> 2700\u00d71400\u00d71830mm<br \/>\n<strong>WHEELBASE:<\/strong> 1650mm<br \/>\n<strong>TRACK WIDTH (FRONT):<\/strong> 880mm<br \/>\n<strong>TRACK WIDTH (REAR):<\/strong> 980mm<br \/>\n<strong>BRAKING DISTANCE:<\/strong> \u22643.5m<br \/>\n<strong>MIN TURNING RADIUS:<\/strong> 3.1m<br \/>\n<strong>CURB WEIGHT:<\/strong> 399kg<br \/>\n<strong>MAX TOTAL MASS:<\/strong> 749kg<\/p>\n<h4 class=\"title\">ENGINE\/DRIVE TRAIN<\/h4>\n<\/div>\n<div class=\"item_box\">\n<p><strong>SYSTEM VOLTAGE:<\/strong> 48V<br \/>\n<strong>MOTOR POWER:<\/strong> 6.3kw<br \/>\n<strong>CHARGING TIME:<\/strong> 4-5h<br \/>\n<strong>CONTROLLER:<\/strong> 400A<br \/>\n<strong>MAX SPEED:<\/strong> 40 km\/h (25 mph)<br \/>\n<strong>MAX GRADIENT (FULL LOAD):<\/strong> 30%<br \/>\n<strong>BATTERY:<\/strong> 100Ah Lithium battery<\/p>\n<\/div>\n<div class=\"item_box\">\n<h4 class=\"title\">GENERAL<\/h4>\n<p><strong>GENERAL:<\/strong> 14\u00d77&#8221; Aluminum Wheel\/215\/35R14&#8221; Radial Tire<br \/>\n<strong>SEATING CAPACITY: Two<\/strong> persons<br \/>\n<strong>AVAILABLE MODEL COLORS:<\/strong> Candy Apple Red, White, Black, Navy Blue,Silver, Green. PPG&gt; Flamenco Red, Black Sapphire, Mediterranean Blue, Mineral White, Portimao Blue, Arctic Gray<br \/>\n<strong>AVAILABLE SEAT COLORS:<\/strong> Black&amp;Black, Silvery&amp;Black, Apple Red&amp;Black<br \/>\n<span style=\"font-size: 17px; letter-spacing: 0.1px;\"><strong>FRAME:<\/strong> E-coat and powder coated chassis<br \/>\n<\/span><span style=\"font-size: 17px; letter-spacing: 0.1px;\"><strong>BODY:<\/strong> TPO injection moulding front cowl and rear body, Automotive designed dashboard, color matched body.<br \/>\n<\/span><span style=\"font-size: 17px; letter-spacing: 0.1px;\"><strong>USB:<\/strong> USB socket+12V power outlet<\/span><\/p>\n<\/div>","protected":false},"excerpt":{"rendered":"<p>Erleben Sie Fahrspa\u00df auf h\u00f6chstem Niveau mit unseren Elektrobuggys, wie dem Turfman 450, der sowohl f\u00fcr den privaten als auch f\u00fcr den gewerblichen Einsatz geeignet ist. Unsere Fahrzeuge sind mit leistungsstarken LED-Leuchten ausgestattet, die eine \u00fcberragende Helligkeit und eine l\u00e4ngere Batterielebensdauer bieten und sichere Fahrten nach Einbruch der Dunkelheit mit einer bis zu 2-3 Mal gr\u00f6\u00dferen Sichtbarkeit im Vergleich zur Konkurrenz gew\u00e4hrleisten. Der Lithium-Ionen-Akku ist bekannt f\u00fcr schnelles Aufladen, lange Ladezyklen, geringen Wartungsaufwand und robuste Sicherheit.<\/p>\n<p>Der Turfman 450 zeichnet sich durch seine Wendigkeit, seinen Komfort und seine Leistung aus und bietet ein au\u00dfergew\u00f6hnliches Fahrerlebnis. Mit CE- und ISO-Zertifizierungen und einem <strong>3 Jahre Garantie<\/strong>ist unser Vertrauen in ihre Qualit\u00e4t und Zuverl\u00e4ssigkeit unbestritten.<\/p>\n<p>Individualisieren Sie Ihren Turfman 450 mit Upgrades wie einem eleganten Armaturenbrett, das Sch\u00f6nheit und Funktionalit\u00e4t vereint. Unsere praktischen Getr\u00e4nkehalter verhindern, dass etwas versch\u00fcttet wird, und die thermoplastische Ladebox ist perfekt f\u00fcr den Transport schwerer Lasten.<\/p>\n<p><strong>VON \u20ac11.750 + IVA<\/strong><\/p>\n<h6><span style=\"color: #1470b3;\"><strong>Finanzierung verf\u00fcgbar!<\/strong><\/span><\/h6>\n<p data-start=\"127\" data-end=\"458\">Wir bieten auch eine breite Palette an kommerziellen Elektrobuggys f\u00fcr Bereiche wie <strong data-start=\"205\" data-end=\"220\">Gastfreundschaft<\/strong>, <strong data-start=\"222\" data-end=\"236\">Gesundheitswesen<\/strong>und mehr. Modelle umfassen <strong data-start=\"263\" data-end=\"276\">Ambulanz<\/strong>, <strong data-start=\"278\" data-end=\"294\">Hauswirtschaft<\/strong>, <strong data-start=\"296\" data-end=\"308\">Verpflegung<\/strong> (offen und geschlossen), und <strong data-start=\"332\" data-end=\"351\">Behindertengerechter Zugang<\/strong> Fahrzeuge.<br data-start=\"361\" data-end=\"364\" \/>Teilen Sie uns Ihre spezifischen Anforderungen mit - wir werden Ihren Buggy genau auf Ihre Bed\u00fcrfnisse abstimmen.<\/p>\n<p data-start=\"460\" data-end=\"523\"><strong data-start=\"460\" data-end=\"497\">Auch kundenspezifisches Branding ist m\u00f6glich<\/strong> bei allen kommerziellen Modellen.<\/p>","protected":false},"featured_media":24578,"template":"","meta":[],"product_brand":[],"product_cat":[23,18],"product_tag":[],"class_list":{"0":"post-97","1":"product","2":"type-product","3":"status-publish","4":"has-post-thumbnail","6":"product_cat-commercial","7":"product_cat-electric-buggies","9":"first","10":"instock","11":"shipping-taxable","12":"product-type-simple"},"_links":{"self":[{"href":"https:\/\/electricbuggycompany.com\/de\/wp-json\/wp\/v2\/product\/97","targetHints":{"allow":["GET"]}}],"collection":[{"href":"https:\/\/electricbuggycompany.com\/de\/wp-json\/wp\/v2\/product"}],"about":[{"href":"https:\/\/electricbuggycompany.com\/de\/wp-json\/wp\/v2\/types\/product"}],"wp:featuredmedia":[{"embeddable":true,"href":"https:\/\/electricbuggycompany.com\/de\/wp-json\/wp\/v2\/media\/24578"}],"wp:attachment":[{"href":"https:\/\/electricbuggycompany.com\/de\/wp-json\/wp\/v2\/media?parent=97"}],"wp:term":[{"taxonomy":"product_brand","embeddable":true,"href":"https:\/\/electricbuggycompany.com\/de\/wp-json\/wp\/v2\/product_brand?post=97"},{"taxonomy":"product_cat","embeddable":true,"href":"https:\/\/electricbuggycompany.com\/de\/wp-json\/wp\/v2\/product_cat?post=97"},{"taxonomy":"product_tag","embeddable":true,"href":"https:\/\/electricbuggycompany.com\/de\/wp-json\/wp\/v2\/product_tag?post=97"}],"curies":[{"name":"wp","href":"https:\/\/api.w.org\/{rel}","templated":true}]}}