{"id":94,"date":"2025-03-24T20:47:23","date_gmt":"2025-03-24T20:47:23","guid":{"rendered":"https:\/\/electricbuggycompany.com\/?post_type=product&#038;p=94"},"modified":"2025-10-22T18:13:47","modified_gmt":"2025-10-22T18:13:47","slug":"forester-6","status":"publish","type":"product","link":"https:\/\/electricbuggycompany.com\/de\/produkt\/forester-6\/","title":{"rendered":"F\u00d6RSTER 6"},"content":{"rendered":"<div class=\"item_box\">\n<h4 class=\"title\">DIMENSIONS<\/h4>\n<p><strong>EXTERNAL DIMENSION:<\/strong> 3760\u00d71400\u00d72200mm<br \/>\n<strong>WHEELBASE:<\/strong> 2470mm<br \/>\n<strong>TRACK WIDTH (FRONT):<\/strong> 1000mm<br \/>\n<strong>TRACK WIDTH (REAR):<\/strong> 1025mm<br \/>\n<strong>BRAKING DISTANCE:<\/strong> \u22644m<br \/>\n<strong>MIN TURNING RADIUS:<\/strong> 4.4m<br \/>\n<strong>CURB WEIGHT:<\/strong> 515kg<br \/>\n<strong>MAX TOTAL MASS:<\/strong> 1015kg<\/p>\n<\/div>\n<div class=\"item_box\">\n<h4 class=\"title\">ENGINE\/DRIVE TRAIN<\/h4>\n<p><strong>SYSTEM VOLTAGE:<\/strong> 48V<br \/>\n<strong>MOTOR POWER:<\/strong> 6.3kw with EM Brake<br \/>\n<strong>CHARGING TIME:<\/strong> 4-5h<br \/>\n<strong>CONTROLLER:<\/strong> 400A<br \/>\n<strong>MAX SPEED:<\/strong> 40 km\/h (25 mph)<br \/>\n<strong>MAX GRADIENT (FULL LOAD):<\/strong> 30%<br \/>\n<strong>BATTERY:<\/strong> 110Ah Lithium battery<\/p>\n<\/div>\n<div class=\"item_box\">\n<h4 class=\"title\">GENERAL<\/h4>\n<p><strong>GENERAL:<\/strong> 14X7&#8243;Aluminum Wheel\/ 23X10-14 Off road Tire<br \/>\n<strong>SEATING CAPACITY:<\/strong> Six persons<br \/>\n<strong>AVAILABLE MODEL COLORS:<\/strong> Candy Apple Red, White, Black, Navy Blue,Silver, Green. PPG&gt; Flamenco Red, Black Sapphire, Mediterranean Blue, Mineral White, Portimao Blue, Arctic Gray<br \/>\n<strong>AVAILABLE SEAT COLORS:<\/strong> Black&amp;Black, Silvery&amp;Black, Apple Red&amp;Black<br \/>\n<span style=\"font-size: 17px; letter-spacing: 0.1px;\"><strong>FRAME:<\/strong> E-coat and powder coated chassis<br \/>\n<\/span><span style=\"font-size: 17px; letter-spacing: 0.1px;\"><strong>BODY:<\/strong> TPO injection moulding front cowl and rear body, Automotive designed dashboard, color matched body.<br \/>\n<\/span><span style=\"font-size: 17px; letter-spacing: 0.1px;\"><strong>USB:<\/strong> USB socket+12V power outlet<\/span><i style=\"font-family: inherit; font-weight: inherit; letter-spacing: 0.1px;\"><img decoding=\"async\" src=\"https:\/\/ecdn6.globalso.com\/upload\/p\/1229\/source\/2024-02\/65e05ca6e70b919608.png\" alt=\"jiantou\" \/><\/i><\/p>\n<\/div>","protected":false},"excerpt":{"rendered":"<p>Wir stellen den Forester 6 vor, einen Golfbuggy, der sich durch sein au\u00dfergew\u00f6hnliches Design und seine Leistung von der Masse abhebt.<\/p>\n<p>In unseren Fahrzeugen stehen Sicherheit und Komfort an erster Stelle, z. B. durch Armlehnen, Sicherheitsgurte mit automatischer Verriegelung und Haltegriffe. Au\u00dferdem k\u00f6nnen Sie mit unseren leistungsstarken LED-R\u00fcckleuchten auch bei Nacht fahren.<\/p>\n<p>Individualisieren Sie Ihren Forester 6 mit Upgrades wie einem eleganten Armaturenbrett, das sowohl Form als auch Funktion verbessert. Und f\u00fcr zus\u00e4tzlichen Komfort und Stauraum finden Sie ein praktisches Ablagefach unter den R\u00fccksitzen.<\/p>\n<p>Unsere pers\u00f6nlichen Elektrobuggys sind mit energieeffizienten LED-Leuchten ausgestattet, die eine au\u00dfergew\u00f6hnliche Helligkeit bieten und gleichzeitig die Lebensdauer Ihrer Batterie schonen. Im Vergleich zur Konkurrenz haben Sie eine bis zu 2-3 Mal bessere Sicht.<\/p>\n<p>Die Lithium-Ionen-Batterie sorgt f\u00fcr eine schnelle Aufladung, verl\u00e4ngerte Zyklen, minimalen Wartungsaufwand und erstklassige Sicherheit. Unsere Fahrzeuge sind CE- und ISO-zertifiziert und verf\u00fcgen \u00fcber eine <strong>3 Jahre Garantie<\/strong>Dies spiegelt unser Vertrauen in ihre Qualit\u00e4t und Zuverl\u00e4ssigkeit wider.<\/p>\n<p>Der Forester 6 ist kompakt und dennoch auf maximalen Komfort und Stil ausgelegt, um ein angenehmes Fahrerlebnis zu gew\u00e4hrleisten. Die ger\u00e4uscharmen Offroad-Reifen bieten ein ruhiges und stabiles Fahrerlebnis, auch in anspruchsvollem Gel\u00e4nde, und setzen Ma\u00dfst\u00e4be in Sachen Stil und Funktion.<\/p>\n<p><strong>VON \u20ac15.500 + IVA<\/strong><\/p>\n<h6><span style=\"color: #1470b3;\"><strong>Finanzierung verf\u00fcgbar!<\/strong><\/span><\/h6>","protected":false},"featured_media":24588,"template":"","meta":[],"product_brand":[],"product_cat":[18,62],"product_tag":[],"class_list":{"0":"post-94","1":"product","2":"type-product","3":"status-publish","4":"has-post-thumbnail","6":"product_cat-electric-buggies","7":"product_cat-off-road","9":"first","10":"instock","11":"shipping-taxable","12":"product-type-simple"},"_links":{"self":[{"href":"https:\/\/electricbuggycompany.com\/de\/wp-json\/wp\/v2\/product\/94","targetHints":{"allow":["GET"]}}],"collection":[{"href":"https:\/\/electricbuggycompany.com\/de\/wp-json\/wp\/v2\/product"}],"about":[{"href":"https:\/\/electricbuggycompany.com\/de\/wp-json\/wp\/v2\/types\/product"}],"wp:featuredmedia":[{"embeddable":true,"href":"https:\/\/electricbuggycompany.com\/de\/wp-json\/wp\/v2\/media\/24588"}],"wp:attachment":[{"href":"https:\/\/electricbuggycompany.com\/de\/wp-json\/wp\/v2\/media?parent=94"}],"wp:term":[{"taxonomy":"product_brand","embeddable":true,"href":"https:\/\/electricbuggycompany.com\/de\/wp-json\/wp\/v2\/product_brand?post=94"},{"taxonomy":"product_cat","embeddable":true,"href":"https:\/\/electricbuggycompany.com\/de\/wp-json\/wp\/v2\/product_cat?post=94"},{"taxonomy":"product_tag","embeddable":true,"href":"https:\/\/electricbuggycompany.com\/de\/wp-json\/wp\/v2\/product_tag?post=94"}],"curies":[{"name":"wp","href":"https:\/\/api.w.org\/{rel}","templated":true}]}}