{"id":92,"date":"2025-03-24T20:47:23","date_gmt":"2025-03-24T20:47:23","guid":{"rendered":"https:\/\/electricbuggycompany.com\/?post_type=product&#038;p=92"},"modified":"2025-10-22T18:07:00","modified_gmt":"2025-10-22T18:07:00","slug":"classic-2","status":"publish","type":"product","link":"https:\/\/electricbuggycompany.com\/de\/produkt\/classic-2\/","title":{"rendered":"CLASSIC 2"},"content":{"rendered":"<p>DIMENSIONS<\/p>\n<p><strong>EXTERNAL DIMENSION<\/strong>: 2380\u00d71400\u00d71830mm<br \/>\n<strong>WHEELBASE:<\/strong> 1650mm<br \/>\n<strong>TRACK WIDTH (FRONT):<\/strong> 880mm<br \/>\n<strong>TRACK WIDTH (REAR):<\/strong> 980mm<br \/>\n<strong>BRAKING DISTANCE:<\/strong> \u22643.5m<br \/>\n<strong>MIN TURNING RADIUS:<\/strong> 3.1m<br \/>\n<strong>CURB WEIGHT:<\/strong> 360kg<br \/>\n<strong>MAX TOTAL MASS:<\/strong> 560kg<\/p>\n<h4 class=\"page_banner4_text_bd flex_row\">ENGINE\/DRIVE TRAIN<\/h4>\n<div class=\"page_banner4_text_bd flex_row\">\n<p class=\"item_box\"><strong>SYSTEM VOLTAGE:<\/strong> <span style=\"font-size: 18px; letter-spacing: 0.1px;\">48V<br \/>\n<\/span><strong>MOTOR POWER:<\/strong> <span style=\"font-size: 18px; letter-spacing: 0.1px;\">6.3kw<br \/>\n<\/span><strong>CHARGING TIME:<\/strong> <span style=\"font-size: 18px; letter-spacing: 0.1px;\">4-5h<br \/>\n<\/span><strong>CONTROLLER:<\/strong> 400A<br \/>\n<strong>MAX SPEED:<\/strong> 40 km\/h (25 mph)<br \/>\n<strong>MAX GRADIENT (FULL LOAD):<\/strong> 30%<br \/>\n<strong>BATTERY:<\/strong> 100Ah Lithium battery<\/p>\n<div class=\"item_box\">\n<h4 class=\"title\">GENERAL<\/h4>\n<p><strong>GENERAL:<\/strong> 14\u00d77&#8221; Aluminum Wheel\/215\/35R14&#8221; Radial Tire<br \/>\n<strong>SEATING CAPACITY:<\/strong> Two persons<br \/>\n<strong>AVAILABLE MODEL COLORS:<\/strong> Candy Apple Red, White, Black, Navy Blue,Silver, Green. PPG&gt; Flamenco Red, Black Sapphire, Mediterranean Blue, Mineral White, Portimao Blue, Arctic Gray<br \/>\n<strong>AVAILABLE SEAT COLORS:<\/strong> Black&amp;Black, Silvery&amp;Black, Apple Red&amp;Black<br \/>\n<span style=\"font-size: 18px; letter-spacing: 0.1px;\"><strong>FRAME:<\/strong> Coat and powder coated chassis<br \/>\n<\/span><span style=\"font-size: 18px; letter-spacing: 0.1px;\"><strong>BODY:<\/strong> TPO injection moulding front cowl and rear body, Automotive designed dashboard, color matched body.<br \/>\n<\/span><span style=\"font-size: 18px; letter-spacing: 0.1px;\"><strong>USB:<\/strong> USB socket+12V power outlet<\/span><\/p>\n<\/div>\n<\/div>","protected":false},"excerpt":{"rendered":"<p>Wir stellen den Classic 2 vor, unseren elektrischen Golfbuggy der Spitzenklasse, der f\u00fcr ein \u00fcberragendes Fahrerlebnis entwickelt wurde. Ausgestattet mit fortschrittlicher LED-Beleuchtung bietet der Classic 2 au\u00dfergew\u00f6hnliche Helligkeit bei gleichzeitiger Schonung der Batterie und bietet ein 2-3 mal gr\u00f6\u00dferes Sichtfeld als die Konkurrenz, was f\u00fcr sorgenfreie Fahrten bei Nacht sorgt.<\/p>\n<p>Mit unseren CE- und ISO-Zertifizierungen legen wir gr\u00f6\u00dften Wert auf Qualit\u00e4t und stehen mit einer Garantie hinter unseren Produkten. <strong>3 Jahre Garantie<\/strong>und unterstreicht damit unser Vertrauen in ihre Zuverl\u00e4ssigkeit.<\/p>\n<p>Erleben Sie den Inbegriff von Komfort und Stil mit unserem Elektrobuggy Classic 2, der sich durch ein au\u00dfergew\u00f6hnliches Au\u00dfen- und Innendesign auszeichnet. Gestalten Sie Ihr Fahrzeug mit einem individuellen Armaturenbrett, das \u00c4sthetik, Komfort und Funktionalit\u00e4t nach Ihren W\u00fcnschen verbessert.<\/p>\n<p>Die Lithium-Ionen-Akkutechnologie garantiert ein schnelleres Aufladen, eine l\u00e4ngere Lebensdauer und einen minimalen Wartungsaufwand, wobei Sicherheit und Effizienz im Vordergrund stehen.<\/p>\n<h4 class=\"page_banner4_text_bd flex_row\">VON \u20ac10.950 + IVA<\/h4>\n<h6><span style=\"color: #0174f8;\"><strong>Finanzierung verf\u00fcgbar!<\/strong><\/span><\/h6>","protected":false},"featured_media":24579,"template":"","meta":[],"product_brand":[],"product_cat":[18,19,22],"product_tag":[],"class_list":{"0":"post-92","1":"product","2":"type-product","3":"status-publish","4":"has-post-thumbnail","6":"product_cat-electric-buggies","7":"product_cat-golf","8":"product_cat-personal","10":"first","11":"instock","12":"shipping-taxable","13":"product-type-simple"},"_links":{"self":[{"href":"https:\/\/electricbuggycompany.com\/de\/wp-json\/wp\/v2\/product\/92","targetHints":{"allow":["GET"]}}],"collection":[{"href":"https:\/\/electricbuggycompany.com\/de\/wp-json\/wp\/v2\/product"}],"about":[{"href":"https:\/\/electricbuggycompany.com\/de\/wp-json\/wp\/v2\/types\/product"}],"wp:featuredmedia":[{"embeddable":true,"href":"https:\/\/electricbuggycompany.com\/de\/wp-json\/wp\/v2\/media\/24579"}],"wp:attachment":[{"href":"https:\/\/electricbuggycompany.com\/de\/wp-json\/wp\/v2\/media?parent=92"}],"wp:term":[{"taxonomy":"product_brand","embeddable":true,"href":"https:\/\/electricbuggycompany.com\/de\/wp-json\/wp\/v2\/product_brand?post=92"},{"taxonomy":"product_cat","embeddable":true,"href":"https:\/\/electricbuggycompany.com\/de\/wp-json\/wp\/v2\/product_cat?post=92"},{"taxonomy":"product_tag","embeddable":true,"href":"https:\/\/electricbuggycompany.com\/de\/wp-json\/wp\/v2\/product_tag?post=92"}],"curies":[{"name":"wp","href":"https:\/\/api.w.org\/{rel}","templated":true}]}}