{"id":115,"date":"2025-03-24T20:47:24","date_gmt":"2025-03-24T20:47:24","guid":{"rendered":"https:\/\/electricbuggycompany.com\/?post_type=product&#038;p=115"},"modified":"2025-12-11T11:58:49","modified_gmt":"2025-12-11T11:58:49","slug":"classic-2-eec","status":"publish","type":"product","link":"https:\/\/electricbuggycompany.com\/de\/produkt\/classic-2-eec\/","title":{"rendered":"CLASSIC 2 EEC"},"content":{"rendered":"<h4>DIMENSIONS<\/h4>\n<p><strong>EXTERNAL DIMENSION:<\/strong> 2380\u00d71400\u00d71830mm<br \/>\n<strong>WHEELBASE:<\/strong> 1650mm<br \/>\n<strong>TRACK WIDTH (FRONT):<\/strong> 880mm<br \/>\n<strong>TRACK WIDTH (REAR)<\/strong>: 980mm<br \/>\n<strong>BRAKING DISTANCE:<\/strong> \u22643.5m<br \/>\n<strong>MIN TURNING RADIUS:<\/strong> 3.1m<br \/>\n<strong>CURB WEIGHT:<\/strong> 360kg<br \/>\n<strong>MAX TOTAL MASS:<\/strong> 560kg<\/p>\n<h4>ENGINE\/DRIVE TRAIN<\/h4>\n<p><strong>SYSTEM VOLTAGE:<\/strong> 48V<br \/>\n<strong>MOTOR POWER:<\/strong> 4kw<br \/>\n<strong>CHARGING TIME:<\/strong> 4-5h<br \/>\n<strong>CONTROLLER:<\/strong> 400A<br \/>\n<strong>MAX SPEED:<\/strong> 40 km\/h (25 mph)<br \/>\n<strong>MAX GRADIENT (FULL LOAD):<\/strong> 30%<br \/>\n<strong>BATTERY:<\/strong> 100Ah Lithium battery<\/p>\n<h4>GENERAL<\/h4>\n<p><strong>TIRE SIZE:<\/strong> 10&#8221; Aluminum Wheel\/205\/50-10 Tire<br \/>\n<strong>SEATING CAPACITY:<\/strong> Two people<br \/>\n<strong>AVAILABLE MODEL COLORS:<\/strong> Candy Apple Red, White, Black, Navy Blue, Silver, Green. PPG&gt; Flamenco Red, Black Sapphire, Mediterranean Blue, Mineral White, Portimao Blue, Arctic Gray<br \/>\n<strong>AVAILABLE SEAT COLORS:<\/strong> Black&amp;Black, Silvery&amp;Black, Apple Red&amp;Black<br \/>\n<strong style=\"font-size: 17px; letter-spacing: 0.1px;\">FRAME:<\/strong> <span style=\"font-size: 17px; letter-spacing: 0.1px;\">E-coat and powder coated chassis<br \/>\n<\/span><strong style=\"font-size: 17px; letter-spacing: 0.1px;\">BODY:<\/strong> <span style=\"font-size: 17px; letter-spacing: 0.1px;\">TPO injection moulding front cowl and rear body, Automotive designed dashboard, color matched body.<br \/>\n<\/span><strong style=\"font-size: 17px; letter-spacing: 0.1px;\">USB:<\/strong> <span style=\"font-size: 17px; letter-spacing: 0.1px;\">USB socket+12V power outlet<\/span><\/p>","protected":false},"excerpt":{"rendered":"<p>Entdecken Sie die <strong>Road-Legal Classic 2 EEC<\/strong>Der Classic 2 EEC ist die Spitze der elektrischen Golfbuggys, die ein unvergleichliches Fahrerlebnis bieten. Mit dem Classic 2 EEC k\u00f6nnen Sie die Stra\u00dfe genie\u00dfen und gleichzeitig die gesetzlichen Normen einhalten.<\/p>\n<p>Diese Golfbuggys sind mit fortschrittlichen LED-Leuchten ausgestattet, die nicht nur eine au\u00dfergew\u00f6hnliche Helligkeit bieten, sondern auch die Batterie schonen. Dies f\u00fchrt zu einem 2-3 mal gr\u00f6\u00dferen Sichtfeld als bei der Konkurrenz und sorgt f\u00fcr sorgenfreie Fahrten bei Nacht.<\/p>\n<p>Unser Engagement f\u00fcr Qualit\u00e4t zeigt sich in den CE- und ISO-Zertifizierungen, und wir unterst\u00fctzen unsere Produkte mit einer <strong>3 Jahre Garantie<\/strong>und beweist damit unser uneingeschr\u00e4nktes Vertrauen in ihre Zuverl\u00e4ssigkeit.<\/p>\n<p>Der Classic 2 EEC ist der Inbegriff von Komfort und Stil und besticht durch sein au\u00dfergew\u00f6hnliches Au\u00dfen- und Innendesign. Sie haben die Freiheit, Ihr Fahrzeug mit einem individuell gestalteten Armaturenbrett zu personalisieren, das \u00c4sthetik, Komfort und Funktionalit\u00e4t nach Ihren individuellen Vorlieben verbessert.<\/p>\n<p>Die fortschrittliche Lithium-Ionen-Akkutechnologie sorgt f\u00fcr ein schnelleres Aufladen, eine l\u00e4ngere Lebensdauer und minimalen Wartungsaufwand und unterstreicht damit die Sicherheit und Effizienz w\u00e4hrend Ihrer Fahrt mit dem <strong>Classic 2 EEC.<\/strong><\/p>\n<p><strong>VON \u20ac12.950 + IVA<\/strong><\/p>\n<h6><span style=\"color: #0174f8;\"><strong>Finanzierung verf\u00fcgbar!<\/strong><\/span><\/h6>","protected":false},"featured_media":24586,"template":"","meta":[],"product_brand":[],"product_cat":[60,18,63],"product_tag":[],"class_list":{"0":"post-115","1":"product","2":"type-product","3":"status-publish","4":"has-post-thumbnail","6":"product_cat-customizer","7":"product_cat-electric-buggies","8":"product_cat-road-legal","10":"first","11":"instock","12":"shipping-taxable","13":"purchasable","14":"product-type-simple"},"_links":{"self":[{"href":"https:\/\/electricbuggycompany.com\/de\/wp-json\/wp\/v2\/product\/115","targetHints":{"allow":["GET"]}}],"collection":[{"href":"https:\/\/electricbuggycompany.com\/de\/wp-json\/wp\/v2\/product"}],"about":[{"href":"https:\/\/electricbuggycompany.com\/de\/wp-json\/wp\/v2\/types\/product"}],"wp:featuredmedia":[{"embeddable":true,"href":"https:\/\/electricbuggycompany.com\/de\/wp-json\/wp\/v2\/media\/24586"}],"wp:attachment":[{"href":"https:\/\/electricbuggycompany.com\/de\/wp-json\/wp\/v2\/media?parent=115"}],"wp:term":[{"taxonomy":"product_brand","embeddable":true,"href":"https:\/\/electricbuggycompany.com\/de\/wp-json\/wp\/v2\/product_brand?post=115"},{"taxonomy":"product_cat","embeddable":true,"href":"https:\/\/electricbuggycompany.com\/de\/wp-json\/wp\/v2\/product_cat?post=115"},{"taxonomy":"product_tag","embeddable":true,"href":"https:\/\/electricbuggycompany.com\/de\/wp-json\/wp\/v2\/product_tag?post=115"}],"curies":[{"name":"wp","href":"https:\/\/api.w.org\/{rel}","templated":true}]}}