{"id":106,"date":"2025-03-24T20:47:24","date_gmt":"2025-03-24T20:47:24","guid":{"rendered":"https:\/\/electricbuggycompany.com\/?post_type=product&#038;p=106"},"modified":"2025-03-24T20:48:34","modified_gmt":"2025-03-24T20:48:34","slug":"100ah-li-ion","status":"publish","type":"product","link":"https:\/\/electricbuggycompany.com\/de\/produkt\/100ah-li-ion\/","title":{"rendered":"100AH LI-ION"},"content":{"rendered":"<p style=\"font-weight: 400;\">Erleben Sie Spitzenleistung mit unserer Lithium-Batterie, die sich durch au\u00dfergew\u00f6hnliche Energieeffizienz und minimalen Wartungsaufwand auszeichnet. Sie liefert gleichbleibende Leistung f\u00fcr Ihren Motor und hat einen Wirkungsgrad von bis zu 96%, wobei sie sowohl Teil- als auch Schnellladungen akzeptiert, was Ihre Stromrechnung effektiv senkt.<\/p>\n<p style=\"font-weight: 400;\">Mit unserem adaptiven Schnellladeger\u00e4t mit 25 A k\u00f6nnen Sie Ihren Akku schnell und intelligent aufladen und so seine Langlebigkeit bewahren. Bleiben Sie in Verbindung und \u00fcberwachen Sie Ihren Lithium-Bluetooth-LFP(LiFePO4)-Akku mit der BBMAS-App, die SOC%, Spannung, Zykluszahl und mehr mit einer Verbindungsreichweite von 10 Metern anzeigt.<\/p>\n<p style=\"font-weight: 400;\">Unser leichter und wartungsfreier Akku mit Aluminiumgeh\u00e4use steht f\u00fcr Sicherheit und Langlebigkeit. Schnelles Aufladen in nur einer Stunde (80%-Ladung) oder 4-5 Stunden (volle Ladung) sorgt daf\u00fcr, dass Sie sofort einsatzbereit sind.<\/p>","protected":false},"excerpt":{"rendered":"<p style=\"font-weight: 400;\">Erleben Sie Spitzenleistung mit unserer Lithium-Batterie, die sich durch au\u00dfergew\u00f6hnliche Energieeffizienz und minimalen Wartungsaufwand auszeichnet. Sie liefert gleichbleibende Leistung f\u00fcr Ihren Motor und hat einen Wirkungsgrad von bis zu 96%, wobei sie sowohl Teil- als auch Schnellladungen akzeptiert, was Ihre Stromrechnung effektiv senkt.<\/p>\n<p style=\"font-weight: 400;\">Mit unserem adaptiven Schnellladeger\u00e4t mit 25 A k\u00f6nnen Sie Ihren Akku schnell und intelligent aufladen und so seine Langlebigkeit bewahren. Bleiben Sie in Verbindung und \u00fcberwachen Sie Ihren Lithium-Bluetooth-LFP(LiFePO4)-Akku mit der BBMAS-App, die SOC%, Spannung, Zykluszahl und mehr mit einer Verbindungsreichweite von 10 Metern anzeigt.<\/p>\n<p style=\"font-weight: 400;\">Unser leichter und wartungsfreier Akku mit Aluminiumgeh\u00e4use steht f\u00fcr Sicherheit und Langlebigkeit. Schnelles Aufladen in nur einer Stunde (80%-Ladung) oder 4-5 Stunden (volle Ladung) sorgt daf\u00fcr, dass Sie sofort einsatzbereit sind.<\/p>","protected":false},"featured_media":166,"template":"","meta":[],"product_brand":[],"product_cat":[25,26],"product_tag":[],"class_list":{"0":"post-106","1":"product","2":"type-product","3":"status-publish","4":"has-post-thumbnail","6":"product_cat-accessories","7":"product_cat-batteries","9":"first","10":"instock","11":"shipping-taxable","12":"product-type-simple"},"_links":{"self":[{"href":"https:\/\/electricbuggycompany.com\/de\/wp-json\/wp\/v2\/product\/106","targetHints":{"allow":["GET"]}}],"collection":[{"href":"https:\/\/electricbuggycompany.com\/de\/wp-json\/wp\/v2\/product"}],"about":[{"href":"https:\/\/electricbuggycompany.com\/de\/wp-json\/wp\/v2\/types\/product"}],"wp:featuredmedia":[{"embeddable":true,"href":"https:\/\/electricbuggycompany.com\/de\/wp-json\/wp\/v2\/media\/166"}],"wp:attachment":[{"href":"https:\/\/electricbuggycompany.com\/de\/wp-json\/wp\/v2\/media?parent=106"}],"wp:term":[{"taxonomy":"product_brand","embeddable":true,"href":"https:\/\/electricbuggycompany.com\/de\/wp-json\/wp\/v2\/product_brand?post=106"},{"taxonomy":"product_cat","embeddable":true,"href":"https:\/\/electricbuggycompany.com\/de\/wp-json\/wp\/v2\/product_cat?post=106"},{"taxonomy":"product_tag","embeddable":true,"href":"https:\/\/electricbuggycompany.com\/de\/wp-json\/wp\/v2\/product_tag?post=106"}],"curies":[{"name":"wp","href":"https:\/\/api.w.org\/{rel}","templated":true}]}}