{"id":105,"date":"2025-03-24T20:47:24","date_gmt":"2025-03-24T20:47:24","guid":{"rendered":"https:\/\/electricbuggycompany.com\/?post_type=product&#038;p=105"},"modified":"2025-03-24T20:48:34","modified_gmt":"2025-03-24T20:48:34","slug":"60ah-li-ion","status":"publish","type":"product","link":"https:\/\/electricbuggycompany.com\/de\/produkt\/60ah-li-ion\/","title":{"rendered":"60AH LI-ION"},"content":{"rendered":"<p style=\"font-weight: 400;\">Unsere Lithium-Batterie ist ein echter Fortschritt: Sie bietet eine h\u00f6here Energieeffizienz und spart mit einem Wirkungsgrad von bis zu 96% Ihre Stromrechnung. Sie ist ultraleicht und entlastet den Rasen.<\/p>\n<p style=\"font-weight: 400;\">Da er wartungsfrei und umweltfreundlich ist, k\u00f6nnen Sie sich von der Sorge um destilliertes Wasser verabschieden. Das Geh\u00e4use aus robustem, rostfreiem Aluminium ist f\u00fcr eine lange Lebensdauer ausgelegt.<\/p>\n<p style=\"font-weight: 400;\">Dank Schnellladung sind Sie in nur einer Stunde wieder einsatzbereit, wenn Sie 80% aufladen, oder in 4-5 Stunden f\u00fcr eine vollst\u00e4ndige Aufladung. Unser adaptives Ladeger\u00e4t ist intelligent und schnell und sorgt f\u00fcr eine l\u00e4ngere Akkulaufzeit. Au\u00dferdem erm\u00f6glicht unsere App-Verbindung eine umfassende \u00dcberwachung und Steuerung.<\/p>","protected":false},"excerpt":{"rendered":"<p style=\"font-weight: 400;\">Unsere Lithium-Batterie ist ein echter Fortschritt: Sie bietet eine h\u00f6here Energieeffizienz und spart mit einem Wirkungsgrad von bis zu 96% Ihre Stromrechnung. Sie ist ultraleicht und entlastet den Rasen.<\/p>\n<p style=\"font-weight: 400;\">Da er wartungsfrei und umweltfreundlich ist, k\u00f6nnen Sie sich von der Sorge um destilliertes Wasser verabschieden. Das Geh\u00e4use aus robustem, rostfreiem Aluminium ist f\u00fcr eine lange Lebensdauer ausgelegt.<\/p>\n<p style=\"font-weight: 400;\">Dank Schnellladung sind Sie in nur einer Stunde wieder einsatzbereit, wenn Sie 80% aufladen, oder in 4-5 Stunden f\u00fcr eine vollst\u00e4ndige Aufladung. Unser adaptives Ladeger\u00e4t ist intelligent und schnell und sorgt f\u00fcr eine l\u00e4ngere Akkulaufzeit. Au\u00dferdem erm\u00f6glicht unsere App-Verbindung eine umfassende \u00dcberwachung und Steuerung.<\/p>","protected":false},"featured_media":165,"template":"","meta":[],"product_brand":[],"product_cat":[25,26],"product_tag":[],"class_list":{"0":"post-105","1":"product","2":"type-product","3":"status-publish","4":"has-post-thumbnail","6":"product_cat-accessories","7":"product_cat-batteries","9":"first","10":"instock","11":"shipping-taxable","12":"product-type-simple"},"_links":{"self":[{"href":"https:\/\/electricbuggycompany.com\/de\/wp-json\/wp\/v2\/product\/105","targetHints":{"allow":["GET"]}}],"collection":[{"href":"https:\/\/electricbuggycompany.com\/de\/wp-json\/wp\/v2\/product"}],"about":[{"href":"https:\/\/electricbuggycompany.com\/de\/wp-json\/wp\/v2\/types\/product"}],"wp:featuredmedia":[{"embeddable":true,"href":"https:\/\/electricbuggycompany.com\/de\/wp-json\/wp\/v2\/media\/165"}],"wp:attachment":[{"href":"https:\/\/electricbuggycompany.com\/de\/wp-json\/wp\/v2\/media?parent=105"}],"wp:term":[{"taxonomy":"product_brand","embeddable":true,"href":"https:\/\/electricbuggycompany.com\/de\/wp-json\/wp\/v2\/product_brand?post=105"},{"taxonomy":"product_cat","embeddable":true,"href":"https:\/\/electricbuggycompany.com\/de\/wp-json\/wp\/v2\/product_cat?post=105"},{"taxonomy":"product_tag","embeddable":true,"href":"https:\/\/electricbuggycompany.com\/de\/wp-json\/wp\/v2\/product_tag?post=105"}],"curies":[{"name":"wp","href":"https:\/\/api.w.org\/{rel}","templated":true}]}}