{"id":104,"date":"2025-03-24T20:47:23","date_gmt":"2025-03-24T20:47:23","guid":{"rendered":"https:\/\/electricbuggycompany.com\/?post_type=product&#038;p=104"},"modified":"2025-03-24T20:48:32","modified_gmt":"2025-03-24T20:48:32","slug":"110ah-li-ion","status":"publish","type":"product","link":"https:\/\/electricbuggycompany.com\/de\/produkt\/110ah-li-ion\/","title":{"rendered":"110AH LI-ION"},"content":{"rendered":"<p style=\"font-weight: 400;\">Unsere Lithium-Batterie ist ein Kraftpaket, das Ihrem Motor kontinuierlich mehr Leistung liefert und dabei bis zu 96% effizient ist.<\/p>\n<p style=\"font-weight: 400;\">Verabschieden Sie sich von Wartungsproblemen, laden Sie einfach auf und los. Diese leichte L\u00f6sung schont Ihren Rasen und ist umweltfreundlich, da sie kein destilliertes Wasser ben\u00f6tigt.<\/p>\n<p style=\"font-weight: 400;\">Das Geh\u00e4use aus robustem, rostfreiem Aluminium h\u00e4lt den Elementen stand. Au\u00dferdem sind Sie dank der Schnellladefunktion in nur einer Stunde (80%) bzw. 4-5 Stunden (volle Leistung) wieder einsatzbereit. Mit unserem adaptiven Ladeger\u00e4t ist effizientes und schnelles Laden immer in Reichweite und sorgt f\u00fcr eine l\u00e4ngere Akkulaufzeit.<\/p>","protected":false},"excerpt":{"rendered":"<p style=\"font-weight: 400;\">Unsere Lithium-Batterie ist ein Kraftpaket, das Ihrem Motor kontinuierlich mehr Leistung liefert und dabei bis zu 96% effizient ist.<\/p>\n<p style=\"font-weight: 400;\">Verabschieden Sie sich von Wartungsproblemen, laden Sie einfach auf und los. Diese leichte L\u00f6sung schont Ihren Rasen und ist umweltfreundlich, da sie kein destilliertes Wasser ben\u00f6tigt.<\/p>\n<p style=\"font-weight: 400;\">Das Geh\u00e4use aus robustem, rostfreiem Aluminium h\u00e4lt den Elementen stand. Au\u00dferdem sind Sie dank der Schnellladefunktion in nur einer Stunde (80%) bzw. 4-5 Stunden (volle Leistung) wieder einsatzbereit. Mit unserem adaptiven Ladeger\u00e4t ist effizientes und schnelles Laden immer in Reichweite und sorgt f\u00fcr eine l\u00e4ngere Akkulaufzeit.<\/p>","protected":false},"featured_media":164,"template":"","meta":[],"product_brand":[],"product_cat":[25,26],"product_tag":[],"class_list":{"0":"post-104","1":"product","2":"type-product","3":"status-publish","4":"has-post-thumbnail","6":"product_cat-accessories","7":"product_cat-batteries","9":"first","10":"instock","11":"shipping-taxable","12":"product-type-simple"},"_links":{"self":[{"href":"https:\/\/electricbuggycompany.com\/de\/wp-json\/wp\/v2\/product\/104","targetHints":{"allow":["GET"]}}],"collection":[{"href":"https:\/\/electricbuggycompany.com\/de\/wp-json\/wp\/v2\/product"}],"about":[{"href":"https:\/\/electricbuggycompany.com\/de\/wp-json\/wp\/v2\/types\/product"}],"wp:featuredmedia":[{"embeddable":true,"href":"https:\/\/electricbuggycompany.com\/de\/wp-json\/wp\/v2\/media\/164"}],"wp:attachment":[{"href":"https:\/\/electricbuggycompany.com\/de\/wp-json\/wp\/v2\/media?parent=104"}],"wp:term":[{"taxonomy":"product_brand","embeddable":true,"href":"https:\/\/electricbuggycompany.com\/de\/wp-json\/wp\/v2\/product_brand?post=104"},{"taxonomy":"product_cat","embeddable":true,"href":"https:\/\/electricbuggycompany.com\/de\/wp-json\/wp\/v2\/product_cat?post=104"},{"taxonomy":"product_tag","embeddable":true,"href":"https:\/\/electricbuggycompany.com\/de\/wp-json\/wp\/v2\/product_tag?post=104"}],"curies":[{"name":"wp","href":"https:\/\/api.w.org\/{rel}","templated":true}]}}