{"id":103,"date":"2025-03-24T20:47:23","date_gmt":"2025-03-24T20:47:23","guid":{"rendered":"https:\/\/electricbuggycompany.com\/?post_type=product&#038;p=103"},"modified":"2025-03-24T20:48:30","modified_gmt":"2025-03-24T20:48:30","slug":"205ah-li-ion","status":"publish","type":"product","link":"https:\/\/electricbuggycompany.com\/de\/produkt\/205ah-li-ion\/","title":{"rendered":"205AH LI-ION"},"content":{"rendered":"<p style=\"font-weight: 400;\">Unser Lithium-Akku revolutioniert Ihr Erlebnis, denn er bietet eine gleichbleibend hohe Energieeffizienz und einen umweltfreundlichen Betrieb. Wartungsfrei, einfach aufladen und loslegen. Genie\u00dfen Sie eine Effizienz von bis zu 96% und passen Sie sich an Teil- oder Schnellladungen an. Das ultraleichte und kompakte Gewicht entlastet Ihr Terrain.<\/p>\n<p style=\"font-weight: 400;\">Verabschieden Sie sich von der Sorge um destilliertes Wasser, denn es ist wartungsfrei und sicher im Betrieb. Das Geh\u00e4use besteht aus robustem, rostfreiem Aluminium und zeichnet sich durch hohe Leistung und Langlebigkeit aus.<\/p>\n<p style=\"font-weight: 400;\">Mit der Schnellladefunktion, die nur eine Stunde f\u00fcr eine 80%-Ladung und 4-5 Stunden f\u00fcr eine Vollladung ben\u00f6tigt, sind Sie schnell wieder einsatzbereit. Verbinden Sie sich mit unserer BBMAS App f\u00fcr eine umfassende \u00dcberwachung und genie\u00dfen Sie adaptives Laden f\u00fcr eine l\u00e4ngere Akkulaufzeit.<\/p>","protected":false},"excerpt":{"rendered":"<p style=\"font-weight: 400;\">Unser Lithium-Akku revolutioniert Ihr Erlebnis, denn er bietet eine gleichbleibend hohe Energieeffizienz und einen umweltfreundlichen Betrieb. Wartungsfrei, einfach aufladen und loslegen. Genie\u00dfen Sie eine Effizienz von bis zu 96% und passen Sie sich an Teil- oder Schnellladungen an. Das ultraleichte und kompakte Gewicht entlastet Ihr Terrain.<\/p>\n<p style=\"font-weight: 400;\">Verabschieden Sie sich von der Sorge um destilliertes Wasser, denn es ist wartungsfrei und sicher im Betrieb. Das Geh\u00e4use besteht aus robustem, rostfreiem Aluminium und zeichnet sich durch hohe Leistung und Langlebigkeit aus.<\/p>\n<p style=\"font-weight: 400;\">Mit der Schnellladefunktion, die nur eine Stunde f\u00fcr eine 80%-Ladung und 4-5 Stunden f\u00fcr eine Vollladung ben\u00f6tigt, sind Sie schnell wieder einsatzbereit. Verbinden Sie sich mit unserer BBMAS App f\u00fcr eine umfassende \u00dcberwachung und genie\u00dfen Sie adaptives Laden f\u00fcr eine l\u00e4ngere Akkulaufzeit.<\/p>","protected":false},"featured_media":163,"template":"","meta":[],"product_brand":[],"product_cat":[25,26],"product_tag":[],"class_list":{"0":"post-103","1":"product","2":"type-product","3":"status-publish","4":"has-post-thumbnail","6":"product_cat-accessories","7":"product_cat-batteries","9":"first","10":"instock","11":"shipping-taxable","12":"product-type-simple"},"_links":{"self":[{"href":"https:\/\/electricbuggycompany.com\/de\/wp-json\/wp\/v2\/product\/103","targetHints":{"allow":["GET"]}}],"collection":[{"href":"https:\/\/electricbuggycompany.com\/de\/wp-json\/wp\/v2\/product"}],"about":[{"href":"https:\/\/electricbuggycompany.com\/de\/wp-json\/wp\/v2\/types\/product"}],"wp:featuredmedia":[{"embeddable":true,"href":"https:\/\/electricbuggycompany.com\/de\/wp-json\/wp\/v2\/media\/163"}],"wp:attachment":[{"href":"https:\/\/electricbuggycompany.com\/de\/wp-json\/wp\/v2\/media?parent=103"}],"wp:term":[{"taxonomy":"product_brand","embeddable":true,"href":"https:\/\/electricbuggycompany.com\/de\/wp-json\/wp\/v2\/product_brand?post=103"},{"taxonomy":"product_cat","embeddable":true,"href":"https:\/\/electricbuggycompany.com\/de\/wp-json\/wp\/v2\/product_cat?post=103"},{"taxonomy":"product_tag","embeddable":true,"href":"https:\/\/electricbuggycompany.com\/de\/wp-json\/wp\/v2\/product_tag?post=103"}],"curies":[{"name":"wp","href":"https:\/\/api.w.org\/{rel}","templated":true}]}}